{"id":3759,"date":"2024-06-13T09:22:17","date_gmt":"2024-06-13T08:22:17","guid":{"rendered":"https:\/\/ortopediagot.net\/?post_type=product&#038;p=3759"},"modified":"2024-06-13T09:22:18","modified_gmt":"2024-06-13T08:22:18","slug":"pg422-silicoplant-protector-metatarsal-de-gel-con-tejido-elastico","status":"publish","type":"product","link":"https:\/\/ortopediagot.net\/Inicio\/producto\/pg422-silicoplant-protector-metatarsal-de-gel-con-tejido-elastico\/","title":{"rendered":"PG422 SILICOPLANT PROTECTOR METATARSAL DE GEL CON TEJIDO EL\u00c1STICO"},"content":{"rendered":"<p>Sobrecargas metatarsales.<br \/>\nCallosidades metatarsales.<br \/>\nHelomas<br \/>\nRozaduras<\/p>\n<div class=\"tsf-campo-acf-titulo tsf-campo-acf-titulo-caracteristicas tsf_campo-acf tsf_caracteristicas\"><strong>Caracter\u00edsticas<\/strong><\/div>\n<div><\/div>\n<div class=\"tsf-campo-acf-valores tsf-campo-acf-valores-caracteristicas tsf_campo-acf tsf_caracteristicas\">Almohadilla de gel incorporada a un tejido el\u00e1stico extrasuave.<br \/>\nPermite su uso en todo tipo de calzado.<br \/>\nSu dise\u00f1o en forma de guante asegura un perfecto posicionamiento en el pie y evita su desplazamiento.<br \/>\nPar<\/div>\n<div class=\"tsf-campo-acf-titulo tsf-campo-acf-titulo-pa_tallas tsf_campo-acf tsf_pa_tallas\"><\/div>\n<div><strong>Tallas<\/strong><\/div>\n<div><\/div>\n<div class=\"tsf-campo-acf-valores tsf-campo-acf-valores-pa_tallas tsf_campo-acf tsf_pa_tallas\">S, L<\/div>\n<div class=\"tsf-campo-acf-valores tsf-campo-acf-valores-tallas_medidas tsf_campo-acf tsf_pa_tallas_medidas\">LARGO, ANCHO, GROSOR (CM)<br \/>\nS (6.5 \/ 7.6 \/ 0.5 ) , L (7.5 \/ 9.6 \/ 0.5 )<\/div>\n","protected":false},"excerpt":{"rendered":"<p>Sobrecargas metatarsales. Callosidades metatarsales. Helomas Rozaduras Caracter\u00edsticas Almohadilla de gel incorporada a un tejido el\u00e1stico extrasuave. Permite su uso en todo tipo de calzado. Su dise\u00f1o en forma de guante asegura un perfecto posicionamiento en el pie y evita su desplazamiento. Par Tallas S, L LARGO, ANCHO, GROSOR (CM) S (6.5 \/ 7.6 \/ 0.5 [&hellip;]<\/p>\n","protected":false},"featured_media":3760,"comment_status":"open","ping_status":"closed","template":"","meta":{"saved_in_kubio":false},"product_brand":[],"product_cat":[126],"product_tag":[118],"class_list":{"0":"post-3759","1":"product","2":"type-product","3":"status-publish","4":"has-post-thumbnail","6":"product_cat-protectores","7":"product_tag-emo","9":"first","10":"instock","11":"shipping-taxable","12":"product-type-simple"},"_links":{"self":[{"href":"https:\/\/ortopediagot.net\/Inicio\/wp-json\/wp\/v2\/product\/3759"}],"collection":[{"href":"https:\/\/ortopediagot.net\/Inicio\/wp-json\/wp\/v2\/product"}],"about":[{"href":"https:\/\/ortopediagot.net\/Inicio\/wp-json\/wp\/v2\/types\/product"}],"replies":[{"embeddable":true,"href":"https:\/\/ortopediagot.net\/Inicio\/wp-json\/wp\/v2\/comments?post=3759"}],"wp:featuredmedia":[{"embeddable":true,"href":"https:\/\/ortopediagot.net\/Inicio\/wp-json\/wp\/v2\/media\/3760"}],"wp:attachment":[{"href":"https:\/\/ortopediagot.net\/Inicio\/wp-json\/wp\/v2\/media?parent=3759"}],"wp:term":[{"taxonomy":"product_brand","embeddable":true,"href":"https:\/\/ortopediagot.net\/Inicio\/wp-json\/wp\/v2\/product_brand?post=3759"},{"taxonomy":"product_cat","embeddable":true,"href":"https:\/\/ortopediagot.net\/Inicio\/wp-json\/wp\/v2\/product_cat?post=3759"},{"taxonomy":"product_tag","embeddable":true,"href":"https:\/\/ortopediagot.net\/Inicio\/wp-json\/wp\/v2\/product_tag?post=3759"}],"curies":[{"name":"wp","href":"https:\/\/api.w.org\/{rel}","templated":true}]}}