{"id":3765,"date":"2024-06-13T09:28:20","date_gmt":"2024-06-13T08:28:20","guid":{"rendered":"https:\/\/ortopediagot.net\/?post_type=product&#038;p=3765"},"modified":"2024-06-13T09:28:21","modified_gmt":"2024-06-13T08:28:21","slug":"pg515-silicoplant-almohadilla-metatarsal-y-protector-de-hallux-valgus","status":"publish","type":"product","link":"https:\/\/ortopediagot.net\/Inicio\/producto\/pg515-silicoplant-almohadilla-metatarsal-y-protector-de-hallux-valgus\/","title":{"rendered":"PG515 SILICOPLANT ALMOHADILLA METATARSAL Y PROTECTOR DE HALLUX VALGUS"},"content":{"rendered":"<p>Hallux Valgus.<br \/>\nJuanete con alivio de la zona metatarsal.<br \/>\nSobrecargas metatarsales.<br \/>\nCallosidades metatarsales.<\/p>\n<div class=\"tsf-campo-acf-titulo tsf-campo-acf-titulo-caracteristicas tsf_campo-acf tsf_caracteristicas\"><strong>Caracter\u00edsticas<\/strong><\/div>\n<div><\/div>\n<div class=\"tsf-campo-acf-valores tsf-campo-acf-valores-caracteristicas tsf_campo-acf tsf_caracteristicas\">Fabricado en tejido hipoalerg\u00e9nico muy el\u00e1stico y suave.<br \/>\nIncorpora una gran almohadilla protectora de gel que cubre conjuntamente la zona del juanete y de los metatarsos.<br \/>\nFacilita su uso en todo tipo de calzado.<br \/>\nSu dise\u00f1o garantiza que el gel se mantenga siempre en la posici\u00f3n correcta<br \/>\nPar<\/p>\n<\/div>\n<div class=\"tsf-campo-acf-titulo tsf-campo-acf-titulo-pa_tallas tsf_campo-acf tsf_pa_tallas\"><b><i>Tallas<\/i><\/b><\/div>\n<div><\/div>\n<div class=\"tsf-campo-acf-valores tsf-campo-acf-valores-pa_tallas tsf_campo-acf tsf_pa_tallas\">S, L<\/div>\n<div class=\"tsf-campo-acf-valores tsf-campo-acf-valores-tallas_medidas tsf_campo-acf tsf_pa_tallas_medidas\">LARGO\/ANCHO\/ALTO (CM)<br \/>\nS (7.5 \/ 8.2 \/ 1,0) , L (8.5 \/ 9.5 \/ 1,0 )<\/div>\n","protected":false},"excerpt":{"rendered":"<p>Hallux Valgus. Juanete con alivio de la zona metatarsal. Sobrecargas metatarsales. Callosidades metatarsales. Caracter\u00edsticas Fabricado en tejido hipoalerg\u00e9nico muy el\u00e1stico y suave. Incorpora una gran almohadilla protectora de gel que cubre conjuntamente la zona del juanete y de los metatarsos. Facilita su uso en todo tipo de calzado. Su dise\u00f1o garantiza que el gel se [&hellip;]<\/p>\n","protected":false},"featured_media":3766,"comment_status":"open","ping_status":"closed","template":"","meta":{"saved_in_kubio":false},"product_brand":[],"product_cat":[126],"product_tag":[118],"class_list":{"0":"post-3765","1":"product","2":"type-product","3":"status-publish","4":"has-post-thumbnail","6":"product_cat-protectores","7":"product_tag-emo","9":"first","10":"instock","11":"shipping-taxable","12":"product-type-simple"},"_links":{"self":[{"href":"https:\/\/ortopediagot.net\/Inicio\/wp-json\/wp\/v2\/product\/3765"}],"collection":[{"href":"https:\/\/ortopediagot.net\/Inicio\/wp-json\/wp\/v2\/product"}],"about":[{"href":"https:\/\/ortopediagot.net\/Inicio\/wp-json\/wp\/v2\/types\/product"}],"replies":[{"embeddable":true,"href":"https:\/\/ortopediagot.net\/Inicio\/wp-json\/wp\/v2\/comments?post=3765"}],"wp:featuredmedia":[{"embeddable":true,"href":"https:\/\/ortopediagot.net\/Inicio\/wp-json\/wp\/v2\/media\/3766"}],"wp:attachment":[{"href":"https:\/\/ortopediagot.net\/Inicio\/wp-json\/wp\/v2\/media?parent=3765"}],"wp:term":[{"taxonomy":"product_brand","embeddable":true,"href":"https:\/\/ortopediagot.net\/Inicio\/wp-json\/wp\/v2\/product_brand?post=3765"},{"taxonomy":"product_cat","embeddable":true,"href":"https:\/\/ortopediagot.net\/Inicio\/wp-json\/wp\/v2\/product_cat?post=3765"},{"taxonomy":"product_tag","embeddable":true,"href":"https:\/\/ortopediagot.net\/Inicio\/wp-json\/wp\/v2\/product_tag?post=3765"}],"curies":[{"name":"wp","href":"https:\/\/api.w.org\/{rel}","templated":true}]}}