{"id":3767,"date":"2024-06-13T09:33:04","date_gmt":"2024-06-13T08:33:04","guid":{"rendered":"https:\/\/ortopediagot.net\/?post_type=product&#038;p=3767"},"modified":"2024-06-13T09:33:04","modified_gmt":"2024-06-13T08:33:04","slug":"pg524-silicoplant-tubo-elastico-con-almohadilla-protectora-de-gel","status":"publish","type":"product","link":"https:\/\/ortopediagot.net\/Inicio\/producto\/pg524-silicoplant-tubo-elastico-con-almohadilla-protectora-de-gel\/","title":{"rendered":"PG524 SILICOPLANT TUBO EL\u00c1STICO CON ALMOHADILLA PROTECTORA DE GEL"},"content":{"rendered":"<p>Superposici\u00f3n del 1\u00ba dedo y el 2\u00ba dedo<br \/>\nPostoperatorio de Hallux Valgus.<\/p>\n<div class=\"tsf-campo-acf-titulo tsf-campo-acf-titulo-caracteristicas tsf_campo-acf tsf_caracteristicas\"><strong>Caracteristicas<\/strong><\/div>\n<div class=\"tsf-campo-acf-valores tsf-campo-acf-valores-caracteristicas tsf_campo-acf tsf_caracteristicas\">Separador de gel que previene la superposici\u00f3n del 1\u00ba y el 2\u00ba dedos aliviando el dolor y alineando correctamente los dedos.<br \/>\nEl tubular mantiene el separador en su correcta posici\u00f3n, permitiendo su uso diurno y\/o nocturno.<br \/>\nEl gel se adapta perfectamente a la zona de aplicaci\u00f3n hidrat\u00e1ndola y protegi\u00e9ndola de rozaduras, y previniendo la aparici\u00f3n de nuevos callos o ampollas.<br \/>\n1 unidad<br \/>\nBilateral<\/div>\n<div class=\"tsf-campo-acf-titulo tsf-campo-acf-titulo-pa_tallas tsf_campo-acf tsf_pa_tallas\"><\/div>\n<div><strong>Tallas<\/strong><\/div>\n<div><\/div>\n<div class=\"tsf-campo-acf-valores tsf-campo-acf-valores-pa_tallas tsf_campo-acf tsf_pa_tallas\">S, L<\/div>\n<div class=\"tsf-campo-acf-valores tsf-campo-acf-valores-tallas_medidas tsf_campo-acf tsf_pa_tallas_medidas\">LARGO \/ DI\u00c1METRO \/ GROSOR SEPARADOR (CM)<br \/>\nS (3,5 \/ 1,5 \/ 0,5) , L (4,0 \/ 2.0 \/ 0,8 )<\/div>\n","protected":false},"excerpt":{"rendered":"<p>Superposici\u00f3n del 1\u00ba dedo y el 2\u00ba dedo Postoperatorio de Hallux Valgus. Caracteristicas Separador de gel que previene la superposici\u00f3n del 1\u00ba y el 2\u00ba dedos aliviando el dolor y alineando correctamente los dedos. El tubular mantiene el separador en su correcta posici\u00f3n, permitiendo su uso diurno y\/o nocturno. El gel se adapta perfectamente a [&hellip;]<\/p>\n","protected":false},"featured_media":3768,"comment_status":"open","ping_status":"closed","template":"","meta":{"saved_in_kubio":false},"product_brand":[],"product_cat":[126],"product_tag":[118],"class_list":{"0":"post-3767","1":"product","2":"type-product","3":"status-publish","4":"has-post-thumbnail","6":"product_cat-protectores","7":"product_tag-emo","9":"first","10":"instock","11":"shipping-taxable","12":"product-type-simple"},"_links":{"self":[{"href":"https:\/\/ortopediagot.net\/Inicio\/wp-json\/wp\/v2\/product\/3767"}],"collection":[{"href":"https:\/\/ortopediagot.net\/Inicio\/wp-json\/wp\/v2\/product"}],"about":[{"href":"https:\/\/ortopediagot.net\/Inicio\/wp-json\/wp\/v2\/types\/product"}],"replies":[{"embeddable":true,"href":"https:\/\/ortopediagot.net\/Inicio\/wp-json\/wp\/v2\/comments?post=3767"}],"wp:featuredmedia":[{"embeddable":true,"href":"https:\/\/ortopediagot.net\/Inicio\/wp-json\/wp\/v2\/media\/3768"}],"wp:attachment":[{"href":"https:\/\/ortopediagot.net\/Inicio\/wp-json\/wp\/v2\/media?parent=3767"}],"wp:term":[{"taxonomy":"product_brand","embeddable":true,"href":"https:\/\/ortopediagot.net\/Inicio\/wp-json\/wp\/v2\/product_brand?post=3767"},{"taxonomy":"product_cat","embeddable":true,"href":"https:\/\/ortopediagot.net\/Inicio\/wp-json\/wp\/v2\/product_cat?post=3767"},{"taxonomy":"product_tag","embeddable":true,"href":"https:\/\/ortopediagot.net\/Inicio\/wp-json\/wp\/v2\/product_tag?post=3767"}],"curies":[{"name":"wp","href":"https:\/\/api.w.org\/{rel}","templated":true}]}}