{"id":3769,"date":"2024-06-13T10:21:19","date_gmt":"2024-06-13T09:21:19","guid":{"rendered":"https:\/\/ortopediagot.net\/?post_type=product&#038;p=3769"},"modified":"2024-06-13T10:21:19","modified_gmt":"2024-06-13T09:21:19","slug":"plantilla-viscoelastica-areli","status":"publish","type":"product","link":"https:\/\/ortopediagot.net\/Inicio\/producto\/plantilla-viscoelastica-areli\/","title":{"rendered":"PLANTILLA VISCOELASTICA ARELI"},"content":{"rendered":"<div class=\"tsf-campo-acf-titulo tsf-campo-acf-titulo-caracteristicas tsf_campo-acf tsf_caracteristicas\"><strong>Caracter\u00edsticas<\/strong><\/div>\n<div><\/div>\n<div class=\"tsf-campo-acf-valores tsf-campo-acf-valores-caracteristicas tsf_campo-acf tsf_caracteristicas\">Plantilla de l\u00e1tex<br \/>\nSe adapta totalmente al pie.<br \/>\nTejido t\u00e9cnico: Termoregulador, Antibacteriano, Anti\u00e1caros, Antial\u00e9rgico,<br \/>\nAntiolor.<br \/>\nEspesor de 18 mm en la zona del tal\u00f3n, 15 mm en la zona media y 4 mm en la zona del antepi\u00e9.<\/div>\n<div class=\"tsf-campo-acf-valores tsf-campo-acf-valores-pa_colores tsf_campo-acf tsf_pa_colores\"><\/div>\n<div class=\"tsf-campo-acf-titulo tsf-campo-acf-titulo-pa_tallas tsf_campo-acf tsf_pa_tallas\"><b><i>Tallas<\/i><\/b><\/div>\n<div><\/div>\n<div class=\"tsf-campo-acf-valores tsf-campo-acf-valores-pa_tallas tsf_campo-acf tsf_pa_tallas\">N\u00ba36, N\u00ba37, N\u00ba38, N\u00ba39, N\u00ba40, N\u00ba41, N\u00ba42, N\u00ba43, N\u00ba44, N\u00ba45<\/div>\n<div><\/div>\n<div><strong>Color<\/strong><\/div>\n<div>\n<div><\/div>\n<div class=\"tsf-campo-acf-valores tsf-campo-acf-valores-pa_colores tsf_campo-acf tsf_pa_colores\">MARRON, NEGRO<\/div>\n<\/div>\n","protected":false},"excerpt":{"rendered":"<p>Caracter\u00edsticas Plantilla de l\u00e1tex Se adapta totalmente al pie. Tejido t\u00e9cnico: Termoregulador, Antibacteriano, Anti\u00e1caros, Antial\u00e9rgico, Antiolor. Espesor de 18 mm en la zona del tal\u00f3n, 15 mm en la zona media y 4 mm en la zona del antepi\u00e9. Tallas N\u00ba36, N\u00ba37, N\u00ba38, N\u00ba39, N\u00ba40, N\u00ba41, N\u00ba42, N\u00ba43, N\u00ba44, N\u00ba45 Color MARRON, NEGRO<\/p>\n","protected":false},"featured_media":3770,"comment_status":"open","ping_status":"closed","template":"","meta":{"saved_in_kubio":false},"product_brand":[],"product_cat":[125],"product_tag":[118],"class_list":{"0":"post-3769","1":"product","2":"type-product","3":"status-publish","4":"has-post-thumbnail","6":"product_cat-plantillas","7":"product_tag-emo","9":"first","10":"instock","11":"shipping-taxable","12":"product-type-simple"},"_links":{"self":[{"href":"https:\/\/ortopediagot.net\/Inicio\/wp-json\/wp\/v2\/product\/3769"}],"collection":[{"href":"https:\/\/ortopediagot.net\/Inicio\/wp-json\/wp\/v2\/product"}],"about":[{"href":"https:\/\/ortopediagot.net\/Inicio\/wp-json\/wp\/v2\/types\/product"}],"replies":[{"embeddable":true,"href":"https:\/\/ortopediagot.net\/Inicio\/wp-json\/wp\/v2\/comments?post=3769"}],"wp:featuredmedia":[{"embeddable":true,"href":"https:\/\/ortopediagot.net\/Inicio\/wp-json\/wp\/v2\/media\/3770"}],"wp:attachment":[{"href":"https:\/\/ortopediagot.net\/Inicio\/wp-json\/wp\/v2\/media?parent=3769"}],"wp:term":[{"taxonomy":"product_brand","embeddable":true,"href":"https:\/\/ortopediagot.net\/Inicio\/wp-json\/wp\/v2\/product_brand?post=3769"},{"taxonomy":"product_cat","embeddable":true,"href":"https:\/\/ortopediagot.net\/Inicio\/wp-json\/wp\/v2\/product_cat?post=3769"},{"taxonomy":"product_tag","embeddable":true,"href":"https:\/\/ortopediagot.net\/Inicio\/wp-json\/wp\/v2\/product_tag?post=3769"}],"curies":[{"name":"wp","href":"https:\/\/api.w.org\/{rel}","templated":true}]}}