{"id":3771,"date":"2024-06-13T10:33:45","date_gmt":"2024-06-13T09:33:45","guid":{"rendered":"https:\/\/ortopediagot.net\/?post_type=product&#038;p=3771"},"modified":"2024-06-13T10:33:46","modified_gmt":"2024-06-13T09:33:46","slug":"pls100-silicoplant-plancha-de-gel-de-silicona-sin-soporte","status":"publish","type":"product","link":"https:\/\/ortopediagot.net\/Inicio\/producto\/pls100-silicoplant-plancha-de-gel-de-silicona-sin-soporte\/","title":{"rendered":"PLS100 SILICOPLANT PLANCHA DE GEL DE SILICONA SIN SOPORTE"},"content":{"rendered":"<p>Descargas metatarsales<br \/>\nHelomas dorsales o interdigitales<br \/>\nHigromas<br \/>\nBursitis<br \/>\nProtecci\u00f3n de prominencias \u00f3seas (Hallux Valgus)<br \/>\nSustituci\u00f3n del tejido adiposo plantar<\/p>\n<div class=\"tsf-campo-acf-titulo tsf-campo-acf-titulo-caracteristicas tsf_campo-acf tsf_caracteristicas\"><strong>Caracter\u00edsticas<\/strong><\/div>\n<div><\/div>\n<div class=\"tsf-campo-acf-valores tsf-campo-acf-valores-caracteristicas tsf_campo-acf tsf_caracteristicas\">Fabricado en silicona m\u00e9dica extra-blanda.<br \/>\nForma y dise\u00f1o anat\u00f3mico.<br \/>\nTacto suave y agradable.<br \/>\nBlandito.<br \/>\nLigero.<br \/>\nC\u00f3modo de llevar.<br \/>\nSe adapta a la temperatura corporal.<br \/>\nEs lavable. Plancha que el t\u00e9cnico o pod\u00f3logo puede recortar a la medida del paciente.<\/p>\n<\/div>\n<div class=\"tsf-campo-acf-valores tsf-campo-acf-valores-tallas_medidas tsf_campo-acf tsf_pa_tallas_medidas\">400X150X3 MM.<br \/>\n\u00daNICA.<\/div>\n","protected":false},"excerpt":{"rendered":"<p>Descargas metatarsales Helomas dorsales o interdigitales Higromas Bursitis Protecci\u00f3n de prominencias \u00f3seas (Hallux Valgus) Sustituci\u00f3n del tejido adiposo plantar Caracter\u00edsticas Fabricado en silicona m\u00e9dica extra-blanda. Forma y dise\u00f1o anat\u00f3mico. Tacto suave y agradable. Blandito. Ligero. C\u00f3modo de llevar. Se adapta a la temperatura corporal. Es lavable. Plancha que el t\u00e9cnico o pod\u00f3logo puede recortar a [&hellip;]<\/p>\n","protected":false},"featured_media":3772,"comment_status":"open","ping_status":"closed","template":"","meta":{"saved_in_kubio":false},"product_brand":[],"product_cat":[120],"product_tag":[118],"class_list":{"0":"post-3771","1":"product","2":"type-product","3":"status-publish","4":"has-post-thumbnail","6":"product_cat-repuestos","7":"product_tag-emo","9":"first","10":"instock","11":"shipping-taxable","12":"product-type-simple"},"_links":{"self":[{"href":"https:\/\/ortopediagot.net\/Inicio\/wp-json\/wp\/v2\/product\/3771"}],"collection":[{"href":"https:\/\/ortopediagot.net\/Inicio\/wp-json\/wp\/v2\/product"}],"about":[{"href":"https:\/\/ortopediagot.net\/Inicio\/wp-json\/wp\/v2\/types\/product"}],"replies":[{"embeddable":true,"href":"https:\/\/ortopediagot.net\/Inicio\/wp-json\/wp\/v2\/comments?post=3771"}],"wp:featuredmedia":[{"embeddable":true,"href":"https:\/\/ortopediagot.net\/Inicio\/wp-json\/wp\/v2\/media\/3772"}],"wp:attachment":[{"href":"https:\/\/ortopediagot.net\/Inicio\/wp-json\/wp\/v2\/media?parent=3771"}],"wp:term":[{"taxonomy":"product_brand","embeddable":true,"href":"https:\/\/ortopediagot.net\/Inicio\/wp-json\/wp\/v2\/product_brand?post=3771"},{"taxonomy":"product_cat","embeddable":true,"href":"https:\/\/ortopediagot.net\/Inicio\/wp-json\/wp\/v2\/product_cat?post=3771"},{"taxonomy":"product_tag","embeddable":true,"href":"https:\/\/ortopediagot.net\/Inicio\/wp-json\/wp\/v2\/product_tag?post=3771"}],"curies":[{"name":"wp","href":"https:\/\/api.w.org\/{rel}","templated":true}]}}