{"id":3774,"date":"2024-06-13T10:35:13","date_gmt":"2024-06-13T09:35:13","guid":{"rendered":"https:\/\/ortopediagot.net\/?post_type=product&#038;p=3774"},"modified":"2024-06-13T10:35:13","modified_gmt":"2024-06-13T09:35:13","slug":"pod100-silicoplant-almohadilla-metatarsal","status":"publish","type":"product","link":"https:\/\/ortopediagot.net\/Inicio\/producto\/pod100-silicoplant-almohadilla-metatarsal\/","title":{"rendered":"POD100 SILICOPLANT ALMOHADILLA METATARSAL"},"content":{"rendered":"<p>Sobrecargas metatarsales<br \/>\nCallosidades metatarsales<br \/>\nIdeal para calzados con poca capacidad y con tac\u00f3n<\/p>\n<div class=\"tsf-campo-acf-titulo tsf-campo-acf-titulo-caracteristicas tsf_campo-acf tsf_caracteristicas\"><strong>Caracter\u00edsticas<\/strong><\/div>\n<div><\/div>\n<div class=\"tsf-campo-acf-valores tsf-campo-acf-valores-caracteristicas tsf_campo-acf tsf_caracteristicas\">Aro para anclaje en segundo dedo del pie, unido a almohadilla plantar<br \/>\nFabricado con silicona m\u00e9dica extrablanda<br \/>\nSe adapta a la temperatura corporal<br \/>\nLavable<\/div>\n","protected":false},"excerpt":{"rendered":"<p>Sobrecargas metatarsales Callosidades metatarsales Ideal para calzados con poca capacidad y con tac\u00f3n Caracter\u00edsticas Aro para anclaje en segundo dedo del pie, unido a almohadilla plantar Fabricado con silicona m\u00e9dica extrablanda Se adapta a la temperatura corporal Lavable<\/p>\n","protected":false},"featured_media":3775,"comment_status":"open","ping_status":"closed","template":"","meta":{"saved_in_kubio":false},"product_brand":[],"product_cat":[126],"product_tag":[118],"class_list":{"0":"post-3774","1":"product","2":"type-product","3":"status-publish","4":"has-post-thumbnail","6":"product_cat-protectores","7":"product_tag-emo","9":"first","10":"instock","11":"shipping-taxable","12":"product-type-simple"},"_links":{"self":[{"href":"https:\/\/ortopediagot.net\/Inicio\/wp-json\/wp\/v2\/product\/3774"}],"collection":[{"href":"https:\/\/ortopediagot.net\/Inicio\/wp-json\/wp\/v2\/product"}],"about":[{"href":"https:\/\/ortopediagot.net\/Inicio\/wp-json\/wp\/v2\/types\/product"}],"replies":[{"embeddable":true,"href":"https:\/\/ortopediagot.net\/Inicio\/wp-json\/wp\/v2\/comments?post=3774"}],"wp:featuredmedia":[{"embeddable":true,"href":"https:\/\/ortopediagot.net\/Inicio\/wp-json\/wp\/v2\/media\/3775"}],"wp:attachment":[{"href":"https:\/\/ortopediagot.net\/Inicio\/wp-json\/wp\/v2\/media?parent=3774"}],"wp:term":[{"taxonomy":"product_brand","embeddable":true,"href":"https:\/\/ortopediagot.net\/Inicio\/wp-json\/wp\/v2\/product_brand?post=3774"},{"taxonomy":"product_cat","embeddable":true,"href":"https:\/\/ortopediagot.net\/Inicio\/wp-json\/wp\/v2\/product_cat?post=3774"},{"taxonomy":"product_tag","embeddable":true,"href":"https:\/\/ortopediagot.net\/Inicio\/wp-json\/wp\/v2\/product_tag?post=3774"}],"curies":[{"name":"wp","href":"https:\/\/api.w.org\/{rel}","templated":true}]}}