{"id":3780,"date":"2024-06-13T10:40:18","date_gmt":"2024-06-13T09:40:18","guid":{"rendered":"https:\/\/ortopediagot.net\/?post_type=product&#038;p=3780"},"modified":"2024-06-13T10:40:19","modified_gmt":"2024-06-13T09:40:19","slug":"pod201-silicoplant-separador-de-carrete-con-anillo","status":"publish","type":"product","link":"https:\/\/ortopediagot.net\/Inicio\/producto\/pod201-silicoplant-separador-de-carrete-con-anillo\/","title":{"rendered":"POD201 SILICOPLANT SEPARADOR DE CARRETE CON ANILLO"},"content":{"rendered":"<p>Hallux valgus flexible<br \/>\nPost-cirug\u00eda del juanete<br \/>\nCallosidades interdigitales ( ojos de gallo o helomas )<br \/>\nTratamiento coadyuvante de la onicocriptosis<\/p>\n<div class=\"tsf-campo-acf-titulo tsf-campo-acf-titulo-caracteristicas tsf_campo-acf tsf_caracteristicas\"><strong>Caracter\u00edsticas<\/strong><\/div>\n<div><\/div>\n<div class=\"tsf-campo-acf-valores tsf-campo-acf-valores-caracteristicas tsf_campo-acf tsf_caracteristicas\">Separador del primer dedo en hallux valgus.<br \/>\nEl anillo incorporado sujeta el separador en su posici\u00f3n.<br \/>\nFabricado con silicona de grado m\u00e9dico extrablanda<br \/>\nSe adapta a la temperatura corporal<br \/>\nLavable<br \/>\nUnidad<\/div>\n<div class=\"tsf-campo-acf-titulo tsf-campo-acf-titulo-pa_tallas tsf_campo-acf tsf_pa_tallas\"><\/div>\n<div><strong>Tallas<\/strong><\/div>\n<div><\/div>\n<div class=\"tsf-campo-acf-valores tsf-campo-acf-valores-pa_tallas tsf_campo-acf tsf_pa_tallas\">S, M, L<\/div>\n","protected":false},"excerpt":{"rendered":"<p>Hallux valgus flexible Post-cirug\u00eda del juanete Callosidades interdigitales ( ojos de gallo o helomas ) Tratamiento coadyuvante de la onicocriptosis Caracter\u00edsticas Separador del primer dedo en hallux valgus. El anillo incorporado sujeta el separador en su posici\u00f3n. Fabricado con silicona de grado m\u00e9dico extrablanda Se adapta a la temperatura corporal Lavable Unidad Tallas S, M, [&hellip;]<\/p>\n","protected":false},"featured_media":3781,"comment_status":"open","ping_status":"closed","template":"","meta":{"saved_in_kubio":false},"product_brand":[],"product_cat":[126],"product_tag":[118],"class_list":{"0":"post-3780","1":"product","2":"type-product","3":"status-publish","4":"has-post-thumbnail","6":"product_cat-protectores","7":"product_tag-emo","9":"first","10":"instock","11":"shipping-taxable","12":"product-type-simple"},"_links":{"self":[{"href":"https:\/\/ortopediagot.net\/Inicio\/wp-json\/wp\/v2\/product\/3780"}],"collection":[{"href":"https:\/\/ortopediagot.net\/Inicio\/wp-json\/wp\/v2\/product"}],"about":[{"href":"https:\/\/ortopediagot.net\/Inicio\/wp-json\/wp\/v2\/types\/product"}],"replies":[{"embeddable":true,"href":"https:\/\/ortopediagot.net\/Inicio\/wp-json\/wp\/v2\/comments?post=3780"}],"wp:featuredmedia":[{"embeddable":true,"href":"https:\/\/ortopediagot.net\/Inicio\/wp-json\/wp\/v2\/media\/3781"}],"wp:attachment":[{"href":"https:\/\/ortopediagot.net\/Inicio\/wp-json\/wp\/v2\/media?parent=3780"}],"wp:term":[{"taxonomy":"product_brand","embeddable":true,"href":"https:\/\/ortopediagot.net\/Inicio\/wp-json\/wp\/v2\/product_brand?post=3780"},{"taxonomy":"product_cat","embeddable":true,"href":"https:\/\/ortopediagot.net\/Inicio\/wp-json\/wp\/v2\/product_cat?post=3780"},{"taxonomy":"product_tag","embeddable":true,"href":"https:\/\/ortopediagot.net\/Inicio\/wp-json\/wp\/v2\/product_tag?post=3780"}],"curies":[{"name":"wp","href":"https:\/\/api.w.org\/{rel}","templated":true}]}}