{"id":3794,"date":"2024-06-13T11:00:37","date_gmt":"2024-06-13T10:00:37","guid":{"rendered":"https:\/\/ortopediagot.net\/?post_type=product&#038;p=3794"},"modified":"2024-06-13T11:00:38","modified_gmt":"2024-06-13T10:00:38","slug":"pod500-silicoplant-separador-interdigital-tubo-de-silicona","status":"publish","type":"product","link":"https:\/\/ortopediagot.net\/Inicio\/producto\/pod500-silicoplant-separador-interdigital-tubo-de-silicona\/","title":{"rendered":"POD500 SILICOPLANT SEPARADOR INTERDIGITAL TUBO DE SILICONA"},"content":{"rendered":"<p>Callosidades en los dedos<br \/>\nCallosidades interdigitales ( ojos de gallo o helomas)<\/p>\n<div class=\"tsf-campo-acf-titulo tsf-campo-acf-titulo-caracteristicas tsf_campo-acf tsf_caracteristicas\"><b>Caracter\u00edsticas<\/b><\/div>\n<div><\/div>\n<div class=\"tsf-campo-acf-valores tsf-campo-acf-valores-caracteristicas tsf_campo-acf tsf_caracteristicas\">Tubo de silicona de protecci\u00f3n<br \/>\nProtector ligero y funcional<br \/>\nFabricado con silicona m\u00e9dica extrablanda<br \/>\nSe adapta a la temperatura corporal<br \/>\nLavable<\/div>\n<div class=\"tsf-campo-acf-titulo tsf-campo-acf-titulo-pa_tallas tsf_campo-acf tsf_pa_tallas\"><\/div>\n<div><strong>Tallas<\/strong><\/div>\n<div><\/div>\n<div class=\"tsf-campo-acf-valores tsf-campo-acf-valores-pa_tallas tsf_campo-acf tsf_pa_tallas\">S, L<\/div>\n<div class=\"tsf-campo-acf-valores tsf-campo-acf-valores-tallas_medidas tsf_campo-acf tsf_pa_tallas_medidas\">DI\u00c1METRO DEL DEDO EN MM.<br \/>\nS (10 MM), L (16 MM).<\/div>\n","protected":false},"excerpt":{"rendered":"<p>Callosidades en los dedos Callosidades interdigitales ( ojos de gallo o helomas) Caracter\u00edsticas Tubo de silicona de protecci\u00f3n Protector ligero y funcional Fabricado con silicona m\u00e9dica extrablanda Se adapta a la temperatura corporal Lavable Tallas S, L DI\u00c1METRO DEL DEDO EN MM. S (10 MM), L (16 MM).<\/p>\n","protected":false},"featured_media":3795,"comment_status":"open","ping_status":"closed","template":"","meta":{"saved_in_kubio":false},"product_brand":[],"product_cat":[126],"product_tag":[118],"class_list":{"0":"post-3794","1":"product","2":"type-product","3":"status-publish","4":"has-post-thumbnail","6":"product_cat-protectores","7":"product_tag-emo","9":"first","10":"instock","11":"shipping-taxable","12":"product-type-simple"},"_links":{"self":[{"href":"https:\/\/ortopediagot.net\/Inicio\/wp-json\/wp\/v2\/product\/3794"}],"collection":[{"href":"https:\/\/ortopediagot.net\/Inicio\/wp-json\/wp\/v2\/product"}],"about":[{"href":"https:\/\/ortopediagot.net\/Inicio\/wp-json\/wp\/v2\/types\/product"}],"replies":[{"embeddable":true,"href":"https:\/\/ortopediagot.net\/Inicio\/wp-json\/wp\/v2\/comments?post=3794"}],"wp:featuredmedia":[{"embeddable":true,"href":"https:\/\/ortopediagot.net\/Inicio\/wp-json\/wp\/v2\/media\/3795"}],"wp:attachment":[{"href":"https:\/\/ortopediagot.net\/Inicio\/wp-json\/wp\/v2\/media?parent=3794"}],"wp:term":[{"taxonomy":"product_brand","embeddable":true,"href":"https:\/\/ortopediagot.net\/Inicio\/wp-json\/wp\/v2\/product_brand?post=3794"},{"taxonomy":"product_cat","embeddable":true,"href":"https:\/\/ortopediagot.net\/Inicio\/wp-json\/wp\/v2\/product_cat?post=3794"},{"taxonomy":"product_tag","embeddable":true,"href":"https:\/\/ortopediagot.net\/Inicio\/wp-json\/wp\/v2\/product_tag?post=3794"}],"curies":[{"name":"wp","href":"https:\/\/api.w.org\/{rel}","templated":true}]}}