{"id":3803,"date":"2024-06-13T11:08:01","date_gmt":"2024-06-13T10:08:01","guid":{"rendered":"https:\/\/ortopediagot.net\/?post_type=product&#038;p=3803"},"modified":"2024-06-13T11:08:01","modified_gmt":"2024-06-13T10:08:01","slug":"pod900-silicoplant-protector-segundo-dedo-en-garra-y-separador","status":"publish","type":"product","link":"https:\/\/ortopediagot.net\/Inicio\/producto\/pod900-silicoplant-protector-segundo-dedo-en-garra-y-separador\/","title":{"rendered":"POD900 SILICOPLANT PROTECTOR SEGUNDO DEDO EN GARRA Y SEPARADOR"},"content":{"rendered":"<p>Callosidades superiores en segundo dedo en garra<br \/>\nSeparaci\u00f3n de primer dedo en hallux valgus<\/p>\n<p><b>Caracter\u00edsticas<\/b><\/p>\n<div class=\"tsf-campo-acf-valores tsf-campo-acf-valores-caracteristicas tsf_campo-acf tsf_caracteristicas\">Elevaci\u00f3n dorsal con posicionamiento sobre falange proximal para liberar de presi\u00f3n y roce la articulaci\u00f3n interfal\u00e1ngica proximal.<br \/>\nSe coloca entre primer y segundo dedo del pie<br \/>\nFabricado con silicona m\u00e9dica extrablanda<br \/>\nSe adapta a la temperatura corporal<br \/>\nLavable<\/div>\n<div class=\"tsf-campo-acf-titulo tsf-campo-acf-titulo-pa_tallas tsf_campo-acf tsf_pa_tallas\"><\/div>\n<div><strong>Tallas<\/strong><\/div>\n<div><\/div>\n<div class=\"tsf-campo-acf-valores tsf-campo-acf-valores-pa_tallas tsf_campo-acf tsf_pa_tallas\">M, L<\/div>\n","protected":false},"excerpt":{"rendered":"<p>Callosidades superiores en segundo dedo en garra Separaci\u00f3n de primer dedo en hallux valgus Caracter\u00edsticas Elevaci\u00f3n dorsal con posicionamiento sobre falange proximal para liberar de presi\u00f3n y roce la articulaci\u00f3n interfal\u00e1ngica proximal. Se coloca entre primer y segundo dedo del pie Fabricado con silicona m\u00e9dica extrablanda Se adapta a la temperatura corporal Lavable Tallas M, [&hellip;]<\/p>\n","protected":false},"featured_media":3804,"comment_status":"open","ping_status":"closed","template":"","meta":{"saved_in_kubio":false},"product_brand":[],"product_cat":[126],"product_tag":[118],"class_list":{"0":"post-3803","1":"product","2":"type-product","3":"status-publish","4":"has-post-thumbnail","6":"product_cat-protectores","7":"product_tag-emo","9":"first","10":"instock","11":"shipping-taxable","12":"product-type-simple"},"_links":{"self":[{"href":"https:\/\/ortopediagot.net\/Inicio\/wp-json\/wp\/v2\/product\/3803"}],"collection":[{"href":"https:\/\/ortopediagot.net\/Inicio\/wp-json\/wp\/v2\/product"}],"about":[{"href":"https:\/\/ortopediagot.net\/Inicio\/wp-json\/wp\/v2\/types\/product"}],"replies":[{"embeddable":true,"href":"https:\/\/ortopediagot.net\/Inicio\/wp-json\/wp\/v2\/comments?post=3803"}],"wp:featuredmedia":[{"embeddable":true,"href":"https:\/\/ortopediagot.net\/Inicio\/wp-json\/wp\/v2\/media\/3804"}],"wp:attachment":[{"href":"https:\/\/ortopediagot.net\/Inicio\/wp-json\/wp\/v2\/media?parent=3803"}],"wp:term":[{"taxonomy":"product_brand","embeddable":true,"href":"https:\/\/ortopediagot.net\/Inicio\/wp-json\/wp\/v2\/product_brand?post=3803"},{"taxonomy":"product_cat","embeddable":true,"href":"https:\/\/ortopediagot.net\/Inicio\/wp-json\/wp\/v2\/product_cat?post=3803"},{"taxonomy":"product_tag","embeddable":true,"href":"https:\/\/ortopediagot.net\/Inicio\/wp-json\/wp\/v2\/product_tag?post=3803"}],"curies":[{"name":"wp","href":"https:\/\/api.w.org\/{rel}","templated":true}]}}