{"id":3811,"date":"2024-06-13T11:16:01","date_gmt":"2024-06-13T10:16:01","guid":{"rendered":"https:\/\/ortopediagot.net\/?post_type=product&#038;p=3811"},"modified":"2024-06-13T11:35:56","modified_gmt":"2024-06-13T10:35:56","slug":"sh300-silicoplant-talonera-central-blue","status":"publish","type":"product","link":"https:\/\/ortopediagot.net\/Inicio\/producto\/sh300-silicoplant-talonera-central-blue\/","title":{"rendered":"SH300 SILICOPLANT TALONERA CENTRAL BLUE"},"content":{"rendered":"<p>Espol\u00f3n calc\u00e1neo<br \/>\nFascitis<br \/>\nTalalgia<br \/>\nS\u00edndrome de Sever<br \/>\nBursitis de tal\u00f3n<br \/>\nArtrosis de rodilla<br \/>\nLesiones meniscales<\/p>\n<div class=\"tsf-campo-acf-titulo tsf-campo-acf-titulo-caracteristicas tsf_campo-acf tsf_caracteristicas\"><strong>Caracter\u00edsticas<\/strong><\/div>\n<div><\/div>\n<div class=\"tsf-campo-acf-valores tsf-campo-acf-valores-caracteristicas tsf_campo-acf tsf_caracteristicas\">Taloneras con forma de cazoleta.<br \/>\nFabricadas con silicona viscoel\u00e1stica de grado m\u00e9dico<br \/>\nIncorporan almohadilla circular de silicona m\u00e1s blanda que amortigua los impactos durante la marcha.<br \/>\nAdaptaci\u00f3n bilateral<br \/>\nSe adaptan la temperatura corporal<br \/>\nPar<\/div>\n<div class=\"tsf-campo-acf-titulo tsf-campo-acf-titulo-pa_tallas tsf_campo-acf tsf_pa_tallas\"><\/div>\n<div><strong>Tallas<\/strong><\/div>\n<div><\/div>\n<div class=\"tsf-campo-acf-valores tsf-campo-acf-valores-pa_tallas tsf_campo-acf tsf_pa_tallas\">S, M, L, XL<\/div>\n<div class=\"tsf-campo-acf-valores tsf-campo-acf-valores-tallas_medidas tsf_campo-acf tsf_pa_tallas_medidas\">TALLA DE CALZADO.<br \/>\nS (34-36), M (37-39), L (40-42), XL(43-45).<\/div>\n<div class=\"tsf-campo-acf-titulo tsf-campo-acf-titulo-altura tsf_campo-acf tsf_altura\"><\/div>\n<div><strong>Altura<\/strong><\/div>\n<div><\/div>\n<div class=\"tsf-campo-acf-valores tsf-campo-acf-valores-altura tsf_campo-acf tsf_altura\">12 MM<\/div>\n","protected":false},"excerpt":{"rendered":"<p>Espol\u00f3n calc\u00e1neo Fascitis Talalgia S\u00edndrome de Sever Bursitis de tal\u00f3n Artrosis de rodilla Lesiones meniscales Caracter\u00edsticas Taloneras con forma de cazoleta. Fabricadas con silicona viscoel\u00e1stica de grado m\u00e9dico Incorporan almohadilla circular de silicona m\u00e1s blanda que amortigua los impactos durante la marcha. Adaptaci\u00f3n bilateral Se adaptan la temperatura corporal Par Tallas S, M, L, XL [&hellip;]<\/p>\n","protected":false},"featured_media":3812,"comment_status":"open","ping_status":"closed","template":"","meta":{"saved_in_kubio":false},"product_brand":[],"product_cat":[127],"product_tag":[118],"class_list":{"0":"post-3811","1":"product","2":"type-product","3":"status-publish","4":"has-post-thumbnail","6":"product_cat-taloneras","7":"product_tag-emo","9":"first","10":"instock","11":"shipping-taxable","12":"product-type-simple"},"_links":{"self":[{"href":"https:\/\/ortopediagot.net\/Inicio\/wp-json\/wp\/v2\/product\/3811"}],"collection":[{"href":"https:\/\/ortopediagot.net\/Inicio\/wp-json\/wp\/v2\/product"}],"about":[{"href":"https:\/\/ortopediagot.net\/Inicio\/wp-json\/wp\/v2\/types\/product"}],"replies":[{"embeddable":true,"href":"https:\/\/ortopediagot.net\/Inicio\/wp-json\/wp\/v2\/comments?post=3811"}],"wp:featuredmedia":[{"embeddable":true,"href":"https:\/\/ortopediagot.net\/Inicio\/wp-json\/wp\/v2\/media\/3812"}],"wp:attachment":[{"href":"https:\/\/ortopediagot.net\/Inicio\/wp-json\/wp\/v2\/media?parent=3811"}],"wp:term":[{"taxonomy":"product_brand","embeddable":true,"href":"https:\/\/ortopediagot.net\/Inicio\/wp-json\/wp\/v2\/product_brand?post=3811"},{"taxonomy":"product_cat","embeddable":true,"href":"https:\/\/ortopediagot.net\/Inicio\/wp-json\/wp\/v2\/product_cat?post=3811"},{"taxonomy":"product_tag","embeddable":true,"href":"https:\/\/ortopediagot.net\/Inicio\/wp-json\/wp\/v2\/product_tag?post=3811"}],"curies":[{"name":"wp","href":"https:\/\/api.w.org\/{rel}","templated":true}]}}