{"id":3814,"date":"2024-06-13T11:17:22","date_gmt":"2024-06-13T10:17:22","guid":{"rendered":"https:\/\/ortopediagot.net\/?post_type=product&#038;p=3814"},"modified":"2024-06-13T11:35:45","modified_gmt":"2024-06-13T10:35:45","slug":"sh400-silicoplant-talonera-lite","status":"publish","type":"product","link":"https:\/\/ortopediagot.net\/Inicio\/producto\/sh400-silicoplant-talonera-lite\/","title":{"rendered":"SH400 SILICOPLANT TALONERA LITE"},"content":{"rendered":"<p>Fascitis<br \/>\nTalalgia<br \/>\nS\u00edndrome de Sever<br \/>\nLesi\u00f3n del tend\u00f3n de Aquiles.<br \/>\nPost-traumatismos de calc\u00e1neo<br \/>\nLesiones meniscales<br \/>\nArtrosis de tobillo, rodilla y cadera<br \/>\nBursitis de tal\u00f3n<\/p>\n<div class=\"tsf-campo-acf-titulo tsf-campo-acf-titulo-caracteristicas tsf_campo-acf tsf_caracteristicas\"><strong>Caracter\u00edsticas<\/strong><\/div>\n<div><\/div>\n<div class=\"tsf-campo-acf-valores tsf-campo-acf-valores-caracteristicas tsf_campo-acf tsf_caracteristicas\">Taloneras con forma de cu\u00f1a.<br \/>\nDise\u00f1adas con un \u00fanico tipo de silicona<br \/>\nFabricadas con silicona viscoel\u00e1stica de grado m\u00e9dico.<br \/>\nSe adaptan la temperatura corporal<br \/>\nPar<\/div>\n<div class=\"tsf-campo-acf-titulo tsf-campo-acf-titulo-pa_tallas tsf_campo-acf tsf_pa_tallas\"><\/div>\n<div><strong>Tallas<\/strong><\/div>\n<div><\/div>\n<div class=\"tsf-campo-acf-valores tsf-campo-acf-valores-pa_tallas tsf_campo-acf tsf_pa_tallas\">S, M, L, XL<\/div>\n<div class=\"tsf-campo-acf-valores tsf-campo-acf-valores-tallas_medidas tsf_campo-acf tsf_pa_tallas_medidas\">TALLA DE CALZADO.<br \/>\nS (34-36), M (37-39), L (40-42), XL(43-45).<\/div>\n<div class=\"tsf-campo-acf-titulo tsf-campo-acf-titulo-altura tsf_campo-acf tsf_altura\"><\/div>\n<div><strong>Alura<\/strong><\/div>\n<div><\/div>\n<div class=\"tsf-campo-acf-valores tsf-campo-acf-valores-altura tsf_campo-acf tsf_altura\">7 MM<\/div>\n","protected":false},"excerpt":{"rendered":"<p>Fascitis Talalgia S\u00edndrome de Sever Lesi\u00f3n del tend\u00f3n de Aquiles. Post-traumatismos de calc\u00e1neo Lesiones meniscales Artrosis de tobillo, rodilla y cadera Bursitis de tal\u00f3n Caracter\u00edsticas Taloneras con forma de cu\u00f1a. Dise\u00f1adas con un \u00fanico tipo de silicona Fabricadas con silicona viscoel\u00e1stica de grado m\u00e9dico. Se adaptan la temperatura corporal Par Tallas S, M, L, XL [&hellip;]<\/p>\n","protected":false},"featured_media":3815,"comment_status":"open","ping_status":"closed","template":"","meta":{"saved_in_kubio":false},"product_brand":[],"product_cat":[127],"product_tag":[118],"class_list":{"0":"post-3814","1":"product","2":"type-product","3":"status-publish","4":"has-post-thumbnail","6":"product_cat-taloneras","7":"product_tag-emo","9":"first","10":"instock","11":"shipping-taxable","12":"product-type-simple"},"_links":{"self":[{"href":"https:\/\/ortopediagot.net\/Inicio\/wp-json\/wp\/v2\/product\/3814"}],"collection":[{"href":"https:\/\/ortopediagot.net\/Inicio\/wp-json\/wp\/v2\/product"}],"about":[{"href":"https:\/\/ortopediagot.net\/Inicio\/wp-json\/wp\/v2\/types\/product"}],"replies":[{"embeddable":true,"href":"https:\/\/ortopediagot.net\/Inicio\/wp-json\/wp\/v2\/comments?post=3814"}],"wp:featuredmedia":[{"embeddable":true,"href":"https:\/\/ortopediagot.net\/Inicio\/wp-json\/wp\/v2\/media\/3815"}],"wp:attachment":[{"href":"https:\/\/ortopediagot.net\/Inicio\/wp-json\/wp\/v2\/media?parent=3814"}],"wp:term":[{"taxonomy":"product_brand","embeddable":true,"href":"https:\/\/ortopediagot.net\/Inicio\/wp-json\/wp\/v2\/product_brand?post=3814"},{"taxonomy":"product_cat","embeddable":true,"href":"https:\/\/ortopediagot.net\/Inicio\/wp-json\/wp\/v2\/product_cat?post=3814"},{"taxonomy":"product_tag","embeddable":true,"href":"https:\/\/ortopediagot.net\/Inicio\/wp-json\/wp\/v2\/product_tag?post=3814"}],"curies":[{"name":"wp","href":"https:\/\/api.w.org\/{rel}","templated":true}]}}