{"id":3821,"date":"2024-06-13T11:21:53","date_gmt":"2024-06-13T10:21:53","guid":{"rendered":"https:\/\/ortopediagot.net\/?post_type=product&#038;p=3821"},"modified":"2024-06-13T11:34:28","modified_gmt":"2024-06-13T10:34:28","slug":"sh600-silicoplant-talonera-pronosupinadora","status":"publish","type":"product","link":"https:\/\/ortopediagot.net\/Inicio\/producto\/sh600-silicoplant-talonera-pronosupinadora\/","title":{"rendered":"SH600 SILICOPLANT TALONERA PRONOSUPINADORA"},"content":{"rendered":"<p>Apoyo de tal\u00f3n pronado o supinado<br \/>\nMeniscopat\u00eda<br \/>\nlesiones de ligamentos laterales<\/p>\n<div class=\"tsf-campo-acf-titulo tsf-campo-acf-titulo-caracteristicas tsf_campo-acf tsf_caracteristicas\"><strong>Caracteristicas<\/strong><\/div>\n<div class=\"tsf-campo-acf-valores tsf-campo-acf-valores-caracteristicas tsf_campo-acf tsf_caracteristicas\">Talonera pronosupinadora acompa\u00f1ada de talonera neutra para extremidad no tratada<br \/>\nDise\u00f1adas con un \u00fanico tipo de silicona<br \/>\nFabricadas con silicona m\u00e9dica viscoel\u00e1stica<br \/>\nAdaptaci\u00f3n bilateral<br \/>\nSe adaptan la temperatura corporal<br \/>\nLavables<\/div>\n<div class=\"tsf-campo-acf-titulo tsf-campo-acf-titulo-pa_tallas tsf_campo-acf tsf_pa_tallas\"><\/div>\n<div><strong>Tallas<\/strong><\/div>\n<div><\/div>\n<div class=\"tsf-campo-acf-valores tsf-campo-acf-valores-pa_tallas tsf_campo-acf tsf_pa_tallas\">S, M, L, XL<\/div>\n<div class=\"tsf-campo-acf-valores tsf-campo-acf-valores-tallas_medidas tsf_campo-acf tsf_pa_tallas_medidas\">TALLA DE CALZADO.<br \/>\nS (34-36), M (37-39), L (40-42), XL(43-45).<\/div>\n","protected":false},"excerpt":{"rendered":"<p>Apoyo de tal\u00f3n pronado o supinado Meniscopat\u00eda lesiones de ligamentos laterales Caracteristicas Talonera pronosupinadora acompa\u00f1ada de talonera neutra para extremidad no tratada Dise\u00f1adas con un \u00fanico tipo de silicona Fabricadas con silicona m\u00e9dica viscoel\u00e1stica Adaptaci\u00f3n bilateral Se adaptan la temperatura corporal Lavables Tallas S, M, L, XL TALLA DE CALZADO. S (34-36), M (37-39), L [&hellip;]<\/p>\n","protected":false},"featured_media":3822,"comment_status":"open","ping_status":"closed","template":"","meta":{"saved_in_kubio":false},"product_brand":[],"product_cat":[127],"product_tag":[118],"class_list":{"0":"post-3821","1":"product","2":"type-product","3":"status-publish","4":"has-post-thumbnail","6":"product_cat-taloneras","7":"product_tag-emo","9":"first","10":"instock","11":"shipping-taxable","12":"product-type-simple"},"_links":{"self":[{"href":"https:\/\/ortopediagot.net\/Inicio\/wp-json\/wp\/v2\/product\/3821"}],"collection":[{"href":"https:\/\/ortopediagot.net\/Inicio\/wp-json\/wp\/v2\/product"}],"about":[{"href":"https:\/\/ortopediagot.net\/Inicio\/wp-json\/wp\/v2\/types\/product"}],"replies":[{"embeddable":true,"href":"https:\/\/ortopediagot.net\/Inicio\/wp-json\/wp\/v2\/comments?post=3821"}],"wp:featuredmedia":[{"embeddable":true,"href":"https:\/\/ortopediagot.net\/Inicio\/wp-json\/wp\/v2\/media\/3822"}],"wp:attachment":[{"href":"https:\/\/ortopediagot.net\/Inicio\/wp-json\/wp\/v2\/media?parent=3821"}],"wp:term":[{"taxonomy":"product_brand","embeddable":true,"href":"https:\/\/ortopediagot.net\/Inicio\/wp-json\/wp\/v2\/product_brand?post=3821"},{"taxonomy":"product_cat","embeddable":true,"href":"https:\/\/ortopediagot.net\/Inicio\/wp-json\/wp\/v2\/product_cat?post=3821"},{"taxonomy":"product_tag","embeddable":true,"href":"https:\/\/ortopediagot.net\/Inicio\/wp-json\/wp\/v2\/product_tag?post=3821"}],"curies":[{"name":"wp","href":"https:\/\/api.w.org\/{rel}","templated":true}]}}