{"id":3828,"date":"2024-06-13T11:26:00","date_gmt":"2024-06-13T10:26:00","guid":{"rendered":"https:\/\/ortopediagot.net\/?post_type=product&#038;p=3828"},"modified":"2024-06-13T11:26:00","modified_gmt":"2024-06-13T10:26:00","slug":"sp200-silicoplant-plantilla-blue","status":"publish","type":"product","link":"https:\/\/ortopediagot.net\/Inicio\/producto\/sp200-silicoplant-plantilla-blue\/","title":{"rendered":"SP200 SILICOPLANT PLANTILLA BLUE"},"content":{"rendered":"<p>Dolor plantar<br \/>\nSobrecarga plantar<br \/>\nPr\u00e1ctica deportiva<br \/>\nPersonas que permanecen mucho tiempo de pie<\/p>\n<div class=\"tsf-campo-acf-titulo tsf-campo-acf-titulo-caracteristicas tsf_campo-acf tsf_caracteristicas\"><strong>Caracter\u00edsticas<\/strong><\/div>\n<div><\/div>\n<div class=\"tsf-campo-acf-valores tsf-campo-acf-valores-caracteristicas tsf_campo-acf tsf_caracteristicas\">Plantillas de silicona m\u00e9dica viscoel\u00e1stica, con almohadillas de silicona blanda de descarga en las cabezas metatarsales y tal\u00f3n.<br \/>\nCon arco longitudinal interno.<br \/>\nSe adaptan la temperatura corporal.<br \/>\nLavables.<\/div>\n<div class=\"tsf-campo-acf-titulo tsf-campo-acf-titulo-pa_tallas tsf_campo-acf tsf_pa_tallas\"><\/div>\n<div><strong>Tallas<\/strong><\/div>\n<div><\/div>\n<div class=\"tsf-campo-acf-valores tsf-campo-acf-valores-pa_tallas tsf_campo-acf tsf_pa_tallas\">34\/35, 36\/37, 38\/39, 40\/41, 42\/43, 44\/45, 46\/47<\/div>\n","protected":false},"excerpt":{"rendered":"<p>Dolor plantar Sobrecarga plantar Pr\u00e1ctica deportiva Personas que permanecen mucho tiempo de pie Caracter\u00edsticas Plantillas de silicona m\u00e9dica viscoel\u00e1stica, con almohadillas de silicona blanda de descarga en las cabezas metatarsales y tal\u00f3n. Con arco longitudinal interno. Se adaptan la temperatura corporal. Lavables. Tallas 34\/35, 36\/37, 38\/39, 40\/41, 42\/43, 44\/45, 46\/47<\/p>\n","protected":false},"featured_media":3829,"comment_status":"open","ping_status":"closed","template":"","meta":{"saved_in_kubio":false},"product_brand":[],"product_cat":[125],"product_tag":[118],"class_list":{"0":"post-3828","1":"product","2":"type-product","3":"status-publish","4":"has-post-thumbnail","6":"product_cat-plantillas","7":"product_tag-emo","9":"first","10":"instock","11":"shipping-taxable","12":"product-type-simple"},"_links":{"self":[{"href":"https:\/\/ortopediagot.net\/Inicio\/wp-json\/wp\/v2\/product\/3828"}],"collection":[{"href":"https:\/\/ortopediagot.net\/Inicio\/wp-json\/wp\/v2\/product"}],"about":[{"href":"https:\/\/ortopediagot.net\/Inicio\/wp-json\/wp\/v2\/types\/product"}],"replies":[{"embeddable":true,"href":"https:\/\/ortopediagot.net\/Inicio\/wp-json\/wp\/v2\/comments?post=3828"}],"wp:featuredmedia":[{"embeddable":true,"href":"https:\/\/ortopediagot.net\/Inicio\/wp-json\/wp\/v2\/media\/3829"}],"wp:attachment":[{"href":"https:\/\/ortopediagot.net\/Inicio\/wp-json\/wp\/v2\/media?parent=3828"}],"wp:term":[{"taxonomy":"product_brand","embeddable":true,"href":"https:\/\/ortopediagot.net\/Inicio\/wp-json\/wp\/v2\/product_brand?post=3828"},{"taxonomy":"product_cat","embeddable":true,"href":"https:\/\/ortopediagot.net\/Inicio\/wp-json\/wp\/v2\/product_cat?post=3828"},{"taxonomy":"product_tag","embeddable":true,"href":"https:\/\/ortopediagot.net\/Inicio\/wp-json\/wp\/v2\/product_tag?post=3828"}],"curies":[{"name":"wp","href":"https:\/\/api.w.org\/{rel}","templated":true}]}}