{"id":3830,"date":"2024-06-13T11:27:12","date_gmt":"2024-06-13T10:27:12","guid":{"rendered":"https:\/\/ortopediagot.net\/?post_type=product&#038;p=3830"},"modified":"2024-06-13T11:27:13","modified_gmt":"2024-06-13T10:27:13","slug":"sp210-silicoplant-plantilla-dry-blue","status":"publish","type":"product","link":"https:\/\/ortopediagot.net\/Inicio\/producto\/sp210-silicoplant-plantilla-dry-blue\/","title":{"rendered":"SP210 SILICOPLANT PLANTILLA DRY BLUE"},"content":{"rendered":"<p>Dolor plantar. Sobrecarga plantar. Pr\u00e1ctica deportiva. Personas que permanecen mucho tiempo de pie<\/p>\n<div class=\"tsf-campo-acf-titulo tsf-campo-acf-titulo-caracteristicas tsf_campo-acf tsf_caracteristicas\"><strong>Caracter\u00edsticas<\/strong><\/div>\n<div><\/div>\n<div class=\"tsf-campo-acf-valores tsf-campo-acf-valores-caracteristicas tsf_campo-acf tsf_caracteristicas\">Plantillas de silicona m\u00e9dica viscoel\u00e1stica.<br \/>\nSe adaptan la temperatura corporal.<br \/>\nLavables. Plantilla con almohadillas de silicona blanda de descarga en las cabezas metatarsales y tal\u00f3n.<br \/>\nForrada de tejido t\u00e9cnico con tratamineto Thermy-tex de efecto permanente: antibacterias, 100% transpirable, absorbente, antiolor y anti\u00e1caros.<br \/>\nExcepcional resistencia al calor. Adecuada para todo tipo de pieles<br \/>\nAdaptaci\u00f3n bilateral<\/div>\n<div class=\"tsf-campo-acf-titulo tsf-campo-acf-titulo-pa_tallas tsf_campo-acf tsf_pa_tallas\"><\/div>\n<div><strong>Tallas<\/strong><\/div>\n<div><\/div>\n<div class=\"tsf-campo-acf-valores tsf-campo-acf-valores-pa_tallas tsf_campo-acf tsf_pa_tallas\">34\/35, 36\/37, 38\/39, 40\/41, 42\/43, 44\/45, 46\/47<\/div>\n","protected":false},"excerpt":{"rendered":"<p>Dolor plantar. Sobrecarga plantar. Pr\u00e1ctica deportiva. Personas que permanecen mucho tiempo de pie Caracter\u00edsticas Plantillas de silicona m\u00e9dica viscoel\u00e1stica. Se adaptan la temperatura corporal. Lavables. Plantilla con almohadillas de silicona blanda de descarga en las cabezas metatarsales y tal\u00f3n. Forrada de tejido t\u00e9cnico con tratamineto Thermy-tex de efecto permanente: antibacterias, 100% transpirable, absorbente, antiolor y [&hellip;]<\/p>\n","protected":false},"featured_media":3831,"comment_status":"open","ping_status":"closed","template":"","meta":{"saved_in_kubio":false},"product_brand":[],"product_cat":[125],"product_tag":[118],"class_list":{"0":"post-3830","1":"product","2":"type-product","3":"status-publish","4":"has-post-thumbnail","6":"product_cat-plantillas","7":"product_tag-emo","9":"first","10":"instock","11":"shipping-taxable","12":"product-type-simple"},"_links":{"self":[{"href":"https:\/\/ortopediagot.net\/Inicio\/wp-json\/wp\/v2\/product\/3830"}],"collection":[{"href":"https:\/\/ortopediagot.net\/Inicio\/wp-json\/wp\/v2\/product"}],"about":[{"href":"https:\/\/ortopediagot.net\/Inicio\/wp-json\/wp\/v2\/types\/product"}],"replies":[{"embeddable":true,"href":"https:\/\/ortopediagot.net\/Inicio\/wp-json\/wp\/v2\/comments?post=3830"}],"wp:featuredmedia":[{"embeddable":true,"href":"https:\/\/ortopediagot.net\/Inicio\/wp-json\/wp\/v2\/media\/3831"}],"wp:attachment":[{"href":"https:\/\/ortopediagot.net\/Inicio\/wp-json\/wp\/v2\/media?parent=3830"}],"wp:term":[{"taxonomy":"product_brand","embeddable":true,"href":"https:\/\/ortopediagot.net\/Inicio\/wp-json\/wp\/v2\/product_brand?post=3830"},{"taxonomy":"product_cat","embeddable":true,"href":"https:\/\/ortopediagot.net\/Inicio\/wp-json\/wp\/v2\/product_cat?post=3830"},{"taxonomy":"product_tag","embeddable":true,"href":"https:\/\/ortopediagot.net\/Inicio\/wp-json\/wp\/v2\/product_tag?post=3830"}],"curies":[{"name":"wp","href":"https:\/\/api.w.org\/{rel}","templated":true}]}}