{"id":3835,"date":"2024-06-13T11:29:53","date_gmt":"2024-06-13T10:29:53","guid":{"rendered":"https:\/\/ortopediagot.net\/?post_type=product&#038;p=3835"},"modified":"2024-06-13T11:29:54","modified_gmt":"2024-06-13T10:29:54","slug":"sp310-silicoplant-plantilla-dry-total-blue","status":"publish","type":"product","link":"https:\/\/ortopediagot.net\/Inicio\/producto\/sp310-silicoplant-plantilla-dry-total-blue\/","title":{"rendered":"SP310 SILICOPLANT PLANTILLA DRY TOTAL BLUE"},"content":{"rendered":"<p>Dolor plantar<br \/>\nDolor zona metatarsal del pie<br \/>\nSobrecarga en tal\u00f3n<br \/>\nSobrecarga plantar<br \/>\nPr\u00e1ctica deportiva<br \/>\nPersonas que permanecen mucho tiempo de pie<\/p>\n<div class=\"tsf-campo-acf-titulo tsf-campo-acf-titulo-caracteristicas tsf_campo-acf tsf_caracteristicas\"><strong>Caracter\u00edsticas<\/strong><\/div>\n<div><\/div>\n<div class=\"tsf-campo-acf-valores tsf-campo-acf-valores-caracteristicas tsf_campo-acf tsf_caracteristicas\">Plantillas de silicona m\u00e9dica viscoel\u00e1stica.<br \/>\nSe adaptan la temperatura corporal.<br \/>\nLavables. Plantilla con arco longitudinal interno y descarga metatarsal.<br \/>\nPlantilla con almohadillas de silicona blanda de descarga en las cabezas metatarsales y tal\u00f3n<br \/>\nForrada de tejido t\u00e9cnico con tratamineto Thermy-tex de efecto permanente: antibacterias, 100% transpirable, absorbente, antiolor y anti\u00e1caros.<br \/>\nExcepcional resistencia al calor<br \/>\nPara todo tipo de pieles<br \/>\nAdaptaci\u00f3n bilateral<\/p>\n<\/div>\n<div class=\"tsf-campo-acf-titulo tsf-campo-acf-titulo-pa_tallas tsf_campo-acf tsf_pa_tallas\"><strong>Tallas<\/strong><\/div>\n<div><\/div>\n<div class=\"tsf-campo-acf-valores tsf-campo-acf-valores-pa_tallas tsf_campo-acf tsf_pa_tallas\">34\/35, 36\/37, 38\/39, 40\/41, 42\/43, 44\/45, 46\/47<\/div>\n","protected":false},"excerpt":{"rendered":"<p>Dolor plantar Dolor zona metatarsal del pie Sobrecarga en tal\u00f3n Sobrecarga plantar Pr\u00e1ctica deportiva Personas que permanecen mucho tiempo de pie Caracter\u00edsticas Plantillas de silicona m\u00e9dica viscoel\u00e1stica. Se adaptan la temperatura corporal. Lavables. Plantilla con arco longitudinal interno y descarga metatarsal. Plantilla con almohadillas de silicona blanda de descarga en las cabezas metatarsales y tal\u00f3n [&hellip;]<\/p>\n","protected":false},"featured_media":3836,"comment_status":"open","ping_status":"closed","template":"","meta":{"saved_in_kubio":false},"product_brand":[],"product_cat":[125],"product_tag":[118],"class_list":{"0":"post-3835","1":"product","2":"type-product","3":"status-publish","4":"has-post-thumbnail","6":"product_cat-plantillas","7":"product_tag-emo","9":"first","10":"instock","11":"shipping-taxable","12":"product-type-simple"},"_links":{"self":[{"href":"https:\/\/ortopediagot.net\/Inicio\/wp-json\/wp\/v2\/product\/3835"}],"collection":[{"href":"https:\/\/ortopediagot.net\/Inicio\/wp-json\/wp\/v2\/product"}],"about":[{"href":"https:\/\/ortopediagot.net\/Inicio\/wp-json\/wp\/v2\/types\/product"}],"replies":[{"embeddable":true,"href":"https:\/\/ortopediagot.net\/Inicio\/wp-json\/wp\/v2\/comments?post=3835"}],"wp:featuredmedia":[{"embeddable":true,"href":"https:\/\/ortopediagot.net\/Inicio\/wp-json\/wp\/v2\/media\/3836"}],"wp:attachment":[{"href":"https:\/\/ortopediagot.net\/Inicio\/wp-json\/wp\/v2\/media?parent=3835"}],"wp:term":[{"taxonomy":"product_brand","embeddable":true,"href":"https:\/\/ortopediagot.net\/Inicio\/wp-json\/wp\/v2\/product_brand?post=3835"},{"taxonomy":"product_cat","embeddable":true,"href":"https:\/\/ortopediagot.net\/Inicio\/wp-json\/wp\/v2\/product_cat?post=3835"},{"taxonomy":"product_tag","embeddable":true,"href":"https:\/\/ortopediagot.net\/Inicio\/wp-json\/wp\/v2\/product_tag?post=3835"}],"curies":[{"name":"wp","href":"https:\/\/api.w.org\/{rel}","templated":true}]}}