{"id":3852,"date":"2024-06-13T12:03:41","date_gmt":"2024-06-13T11:03:41","guid":{"rendered":"https:\/\/ortopediagot.net\/?post_type=product&#038;p=3852"},"modified":"2024-06-13T12:03:42","modified_gmt":"2024-06-13T11:03:42","slug":"areli-sport","status":"publish","type":"product","link":"https:\/\/ortopediagot.net\/Inicio\/producto\/areli-sport\/","title":{"rendered":"ARELI SPORT"},"content":{"rendered":"<p>Deformidades en pies diab\u00e9ticos, artr\u00edticos y neurop\u00e1ticos.<br \/>\nPies con problemas de que necesitan un calzado ligero, el\u00e1stico y adaptable a la morfolog\u00eda del pie.<\/p>\n<div class=\"tsf-campo-acf-titulo tsf-campo-acf-titulo-caracteristicas tsf_campo-acf tsf_caracteristicas\"><strong>Caracter\u00edsticas<\/strong><\/div>\n<div><\/div>\n<div class=\"tsf-campo-acf-valores tsf-campo-acf-valores-caracteristicas tsf_campo-acf tsf_caracteristicas\">Zapato ortop\u00e9dico Areli Sport<br \/>\nFabricado con tejido el\u00e1stico y transpirable<br \/>\nContrafuerte reforzado para estabilidad de retropi\u00e9.<br \/>\nForro t\u00e9cnico transpirable, de m\u00e1xima absorci\u00f3n, termorregulador e hipoalerg\u00e9nico.<br \/>\nPlantilla extra\u00edble e intercambiable. El usuario las puede sustituir por sus propias plantillas personalizadas.<br \/>\nPiso flexible de EVA ultraligero<br \/>\nSuela absorbe impactos<br \/>\nCierre de cordones<\/div>\n<div class=\"tsf-campo-acf-valores tsf-campo-acf-valores-pa_colores tsf_campo-acf tsf_pa_colores\"><\/div>\n<div class=\"tsf-campo-acf-titulo tsf-campo-acf-titulo-pa_tallas tsf_campo-acf tsf_pa_tallas\"><b><i>Tallas<\/i><\/b><\/div>\n<div><\/div>\n<div class=\"tsf-campo-acf-valores tsf-campo-acf-valores-pa_tallas tsf_campo-acf tsf_pa_tallas\">N\u00ba36, N\u00ba37, N\u00ba38, N\u00ba39, N\u00ba40, N\u00ba41, N\u00ba42, N\u00ba43, N\u00ba44, N\u00ba45<\/div>\n<div><\/div>\n<div>\n<div class=\"tsf-campo-acf-titulo tsf-campo-acf-titulo-pa_colores tsf_campo-acf tsf_pa_colores\"><b><i>Color<\/i><\/b><\/div>\n<div><\/div>\n<div class=\"tsf-campo-acf-valores tsf-campo-acf-valores-pa_colores tsf_campo-acf tsf_pa_colores\">AZUL, BLANCO, BURDEOS, GRIS, NAVY, NEGRO, ROJO, ROSA, VERDE<\/div>\n<\/div>\n","protected":false},"excerpt":{"rendered":"<p>Deformidades en pies diab\u00e9ticos, artr\u00edticos y neurop\u00e1ticos. Pies con problemas de que necesitan un calzado ligero, el\u00e1stico y adaptable a la morfolog\u00eda del pie. Caracter\u00edsticas Zapato ortop\u00e9dico Areli Sport Fabricado con tejido el\u00e1stico y transpirable Contrafuerte reforzado para estabilidad de retropi\u00e9. Forro t\u00e9cnico transpirable, de m\u00e1xima absorci\u00f3n, termorregulador e hipoalerg\u00e9nico. Plantilla extra\u00edble e intercambiable. El [&hellip;]<\/p>\n","protected":false},"featured_media":3853,"comment_status":"open","ping_status":"closed","template":"","meta":{"saved_in_kubio":false},"product_brand":[],"product_cat":[128],"product_tag":[118],"class_list":{"0":"post-3852","1":"product","2":"type-product","3":"status-publish","4":"has-post-thumbnail","6":"product_cat-zapatos","7":"product_tag-emo","9":"first","10":"instock","11":"shipping-taxable","12":"product-type-simple"},"_links":{"self":[{"href":"https:\/\/ortopediagot.net\/Inicio\/wp-json\/wp\/v2\/product\/3852"}],"collection":[{"href":"https:\/\/ortopediagot.net\/Inicio\/wp-json\/wp\/v2\/product"}],"about":[{"href":"https:\/\/ortopediagot.net\/Inicio\/wp-json\/wp\/v2\/types\/product"}],"replies":[{"embeddable":true,"href":"https:\/\/ortopediagot.net\/Inicio\/wp-json\/wp\/v2\/comments?post=3852"}],"wp:featuredmedia":[{"embeddable":true,"href":"https:\/\/ortopediagot.net\/Inicio\/wp-json\/wp\/v2\/media\/3853"}],"wp:attachment":[{"href":"https:\/\/ortopediagot.net\/Inicio\/wp-json\/wp\/v2\/media?parent=3852"}],"wp:term":[{"taxonomy":"product_brand","embeddable":true,"href":"https:\/\/ortopediagot.net\/Inicio\/wp-json\/wp\/v2\/product_brand?post=3852"},{"taxonomy":"product_cat","embeddable":true,"href":"https:\/\/ortopediagot.net\/Inicio\/wp-json\/wp\/v2\/product_cat?post=3852"},{"taxonomy":"product_tag","embeddable":true,"href":"https:\/\/ortopediagot.net\/Inicio\/wp-json\/wp\/v2\/product_tag?post=3852"}],"curies":[{"name":"wp","href":"https:\/\/api.w.org\/{rel}","templated":true}]}}