{"id":3880,"date":"2024-06-13T12:33:03","date_gmt":"2024-06-13T11:33:03","guid":{"rendered":"https:\/\/ortopediagot.net\/?post_type=product&#038;p=3880"},"modified":"2024-06-13T12:33:04","modified_gmt":"2024-06-13T11:33:04","slug":"areli-velvy-velcro-caballero","status":"publish","type":"product","link":"https:\/\/ortopediagot.net\/Inicio\/producto\/areli-velvy-velcro-caballero\/","title":{"rendered":"ARELI VELVY VELCRO CABALLERO"},"content":{"rendered":"<p>Pie artr\u00edtico,<br \/>\nPie neurop\u00e1tico,<br \/>\nPie diab\u00e9tico,<br \/>\nPie posquir\u00fargico.<br \/>\nHallux Valgus<br \/>\nDedos en garra<\/p>\n<div class=\"tsf-campo-acf-titulo tsf-campo-acf-titulo-caracteristicas tsf_campo-acf tsf_caracteristicas\"><strong>Caracter\u00edsticas<\/strong><\/div>\n<div><\/div>\n<div class=\"tsf-campo-acf-valores tsf-campo-acf-valores-caracteristicas tsf_campo-acf tsf_caracteristicas\">Pala el\u00e1stica para facilitar su adaptaci\u00f3n a todo tipo de pie.<br \/>\nHorma C+ que proporciona mayor comodidad para evitar presiones y rozaduras.<br \/>\nPlantillas extra\u00edbles e intercambiables de gran confort y absorci\u00f3n de impactos. El usuario puede sustituirlas por sus propias plantillas personalizadas<br \/>\nForro t\u00e9cnico transpirable, de m\u00e1xima absorci\u00f3n, termorregulador e hipoalerg\u00e9nico.<br \/>\nCalzado muy ligero gracias a la composici\u00f3n de su suela, plantilla y<br \/>\ntejido que hace m\u00e1s llevadero su uso durante todo el d\u00eda.<br \/>\nSuela ligera y de gran flexibilidad que conjuga un perfecto agarre<br \/>\ncon una buena resistencia al desgaste.<br \/>\nCierre mediante velcro<\/div>\n<div class=\"tsf-campo-acf-titulo tsf-campo-acf-titulo-pa_tallas tsf_campo-acf tsf_pa_tallas\"><\/div>\n<div><strong>Tallas<\/strong><\/div>\n<div><\/div>\n<div class=\"tsf-campo-acf-valores tsf-campo-acf-valores-pa_tallas tsf_campo-acf tsf_pa_tallas\">N\u00ba39, N\u00ba40, N\u00ba41, N\u00ba42, N\u00ba43, N\u00ba44, N\u00ba45, N\u00ba46<\/div>\n<div class=\"tsf-campo-acf-valores tsf-campo-acf-valores-tallas_medidas tsf_campo-acf tsf_pa_tallas_medidas\">TALLAS 39 A 46<\/div>\n<div><\/div>\n<div>\n<div class=\"tsf-campo-acf-titulo tsf-campo-acf-titulo-pa_colores tsf_campo-acf tsf_pa_colores\"><strong>Color<\/strong><\/div>\n<div><\/div>\n<div class=\"tsf-campo-acf-valores tsf-campo-acf-valores-pa_colores tsf_campo-acf tsf_pa_colores\">MARRON, NEGRO<\/div>\n<\/div>\n","protected":false},"excerpt":{"rendered":"<p>Pie artr\u00edtico, Pie neurop\u00e1tico, Pie diab\u00e9tico, Pie posquir\u00fargico. Hallux Valgus Dedos en garra Caracter\u00edsticas Pala el\u00e1stica para facilitar su adaptaci\u00f3n a todo tipo de pie. Horma C+ que proporciona mayor comodidad para evitar presiones y rozaduras. Plantillas extra\u00edbles e intercambiables de gran confort y absorci\u00f3n de impactos. El usuario puede sustituirlas por sus propias plantillas [&hellip;]<\/p>\n","protected":false},"featured_media":3881,"comment_status":"open","ping_status":"closed","template":"","meta":{"saved_in_kubio":false},"product_brand":[],"product_cat":[128],"product_tag":[118],"class_list":{"0":"post-3880","1":"product","2":"type-product","3":"status-publish","4":"has-post-thumbnail","6":"product_cat-zapatos","7":"product_tag-emo","9":"first","10":"instock","11":"shipping-taxable","12":"product-type-simple"},"_links":{"self":[{"href":"https:\/\/ortopediagot.net\/Inicio\/wp-json\/wp\/v2\/product\/3880"}],"collection":[{"href":"https:\/\/ortopediagot.net\/Inicio\/wp-json\/wp\/v2\/product"}],"about":[{"href":"https:\/\/ortopediagot.net\/Inicio\/wp-json\/wp\/v2\/types\/product"}],"replies":[{"embeddable":true,"href":"https:\/\/ortopediagot.net\/Inicio\/wp-json\/wp\/v2\/comments?post=3880"}],"wp:featuredmedia":[{"embeddable":true,"href":"https:\/\/ortopediagot.net\/Inicio\/wp-json\/wp\/v2\/media\/3881"}],"wp:attachment":[{"href":"https:\/\/ortopediagot.net\/Inicio\/wp-json\/wp\/v2\/media?parent=3880"}],"wp:term":[{"taxonomy":"product_brand","embeddable":true,"href":"https:\/\/ortopediagot.net\/Inicio\/wp-json\/wp\/v2\/product_brand?post=3880"},{"taxonomy":"product_cat","embeddable":true,"href":"https:\/\/ortopediagot.net\/Inicio\/wp-json\/wp\/v2\/product_cat?post=3880"},{"taxonomy":"product_tag","embeddable":true,"href":"https:\/\/ortopediagot.net\/Inicio\/wp-json\/wp\/v2\/product_tag?post=3880"}],"curies":[{"name":"wp","href":"https:\/\/api.w.org\/{rel}","templated":true}]}}