{"id":3888,"date":"2024-06-13T12:47:11","date_gmt":"2024-06-13T11:47:11","guid":{"rendered":"https:\/\/ortopediagot.net\/?post_type=product&#038;p=3888"},"modified":"2024-06-13T12:47:12","modified_gmt":"2024-06-13T11:47:12","slug":"m300-areli-maxi-confort","status":"publish","type":"product","link":"https:\/\/ortopediagot.net\/Inicio\/producto\/m300-areli-maxi-confort\/","title":{"rendered":"M300 ARELI MAXI CONFORT"},"content":{"rendered":"<p>Indicado para pie artr\u00edtico, pie neurop\u00e1tico, pie diab\u00e9tico, pie posquir\u00fargico&#8230;<\/p>\n<div class=\"tsf-campo-acf-titulo tsf-campo-acf-titulo-caracteristicas tsf_campo-acf tsf_caracteristicas\"><strong>Caracter\u00edsticas<\/strong><\/div>\n<div><\/div>\n<div class=\"tsf-campo-acf-valores tsf-campo-acf-valores-caracteristicas tsf_campo-acf tsf_caracteristicas\">Calzado de horma extra ancha confeccionado en piel el\u00e1stica de cordero y con forro interior de plastazote.<br \/>\nEl calzado puede conformarse por calor para adaptarse a las necesidades del pie del paciente, personaliz\u00e1ndolo a la forma del pie, ofreci\u00e9ndole un gran confort.<br \/>\nCon contrafuerte para control del calc\u00e1neo.<br \/>\nCon piso EVA para proporcionar ligereza.<br \/>\nEl calzado se adapta a la morfolog\u00eda del pie, protegi\u00e9ndolo de rozaduras.<\/div>\n<div class=\"tsf-campo-acf-valores tsf-campo-acf-valores-pa_colores tsf_campo-acf tsf_pa_colores\"><\/div>\n<div class=\"tsf-campo-acf-titulo tsf-campo-acf-titulo-pa_tallas tsf_campo-acf tsf_pa_tallas\"><b><i>Tallas<\/i><\/b><\/div>\n<div><\/div>\n<div class=\"tsf-campo-acf-valores tsf-campo-acf-valores-pa_tallas tsf_campo-acf tsf_pa_tallas\">N\u00ba34, N\u00ba35, N\u00ba36, N\u00ba37, N\u00ba38, N\u00ba39, N\u00ba40, N\u00ba41, N\u00ba42, N\u00ba43, N\u00ba44, N\u00ba45<\/div>\n<div><\/div>\n<div>\n<div class=\"tsf-campo-acf-titulo tsf-campo-acf-titulo-pa_colores tsf_campo-acf tsf_pa_colores\"><b><i>Color<\/i><\/b><\/div>\n<div><\/div>\n<div class=\"tsf-campo-acf-valores tsf-campo-acf-valores-pa_colores tsf_campo-acf tsf_pa_colores\">NEGRO<\/div>\n<\/div>\n","protected":false},"excerpt":{"rendered":"<p>Indicado para pie artr\u00edtico, pie neurop\u00e1tico, pie diab\u00e9tico, pie posquir\u00fargico&#8230; Caracter\u00edsticas Calzado de horma extra ancha confeccionado en piel el\u00e1stica de cordero y con forro interior de plastazote. El calzado puede conformarse por calor para adaptarse a las necesidades del pie del paciente, personaliz\u00e1ndolo a la forma del pie, ofreci\u00e9ndole un gran confort. Con contrafuerte [&hellip;]<\/p>\n","protected":false},"featured_media":3889,"comment_status":"open","ping_status":"closed","template":"","meta":{"saved_in_kubio":false},"product_brand":[],"product_cat":[128],"product_tag":[118],"class_list":{"0":"post-3888","1":"product","2":"type-product","3":"status-publish","4":"has-post-thumbnail","6":"product_cat-zapatos","7":"product_tag-emo","9":"first","10":"instock","11":"shipping-taxable","12":"product-type-simple"},"_links":{"self":[{"href":"https:\/\/ortopediagot.net\/Inicio\/wp-json\/wp\/v2\/product\/3888"}],"collection":[{"href":"https:\/\/ortopediagot.net\/Inicio\/wp-json\/wp\/v2\/product"}],"about":[{"href":"https:\/\/ortopediagot.net\/Inicio\/wp-json\/wp\/v2\/types\/product"}],"replies":[{"embeddable":true,"href":"https:\/\/ortopediagot.net\/Inicio\/wp-json\/wp\/v2\/comments?post=3888"}],"wp:featuredmedia":[{"embeddable":true,"href":"https:\/\/ortopediagot.net\/Inicio\/wp-json\/wp\/v2\/media\/3889"}],"wp:attachment":[{"href":"https:\/\/ortopediagot.net\/Inicio\/wp-json\/wp\/v2\/media?parent=3888"}],"wp:term":[{"taxonomy":"product_brand","embeddable":true,"href":"https:\/\/ortopediagot.net\/Inicio\/wp-json\/wp\/v2\/product_brand?post=3888"},{"taxonomy":"product_cat","embeddable":true,"href":"https:\/\/ortopediagot.net\/Inicio\/wp-json\/wp\/v2\/product_cat?post=3888"},{"taxonomy":"product_tag","embeddable":true,"href":"https:\/\/ortopediagot.net\/Inicio\/wp-json\/wp\/v2\/product_tag?post=3888"}],"curies":[{"name":"wp","href":"https:\/\/api.w.org\/{rel}","templated":true}]}}