{"id":3904,"date":"2024-06-13T12:59:10","date_gmt":"2024-06-13T11:59:10","guid":{"rendered":"https:\/\/ortopediagot.net\/?post_type=product&#038;p=3904"},"modified":"2024-06-13T12:59:11","modified_gmt":"2024-06-13T11:59:11","slug":"m3401v-areli-lisa-velcro","status":"publish","type":"product","link":"https:\/\/ortopediagot.net\/Inicio\/producto\/m3401v-areli-lisa-velcro\/","title":{"rendered":"M3401V ARELI LISA VELCRO"},"content":{"rendered":"<p>Indicado para pie artr\u00edtico, pie neurop\u00e1tico, pie diab\u00e9tico, pie posquir\u00fargico&#8230; La elasticidad del tejido evita presiones en zonas problem\u00e1ticas (halluxvalgus, dedos en garra&#8230;), evitando el dolor en los pies sensibles.<\/p>\n<div class=\"tsf-campo-acf-titulo tsf-campo-acf-titulo-caracteristicas tsf_campo-acf tsf_caracteristicas\"><strong>Caracter\u00edsticas<\/strong><\/div>\n<div><\/div>\n<div class=\"tsf-campo-acf-valores tsf-campo-acf-valores-caracteristicas tsf_campo-acf tsf_caracteristicas\">El modelo Lisa lleva una pala el\u00e1stica para facilitar su adaptaci\u00f3n a todo tipo de pie.<br \/>\nHorma C+ que proporciona mayor comodidad para evitar presiones y rozaduras.<br \/>\nPlantillas extra\u00edbles e intercambiables de gran confort y absorci\u00f3n de<br \/>\nimpactos. El ususario puede sustituirlas por sus propias plantillas personalizadas<br \/>\nForro t\u00e9cnico transpirable, de m\u00e1xima absorci\u00f3n, termorregulador e hipoalerg\u00e9nico.<br \/>\nCalzado muy ligero gracias a la composici\u00f3n de su suela, plantilla y<br \/>\ntejido que hace m\u00e1s llevadero su uso durante todo el d\u00eda.<br \/>\nSuela Shock Absorbing, que absorbe los impactos y ofrece m\u00e1xima comodidad en zonas de carga.<br \/>\nSuela ligera y de gran flexibilidad que conjuga un perfecto agarre<br \/>\ncon una buena resistencia al desgaste.<br \/>\nCierre tipo velcro.<\/div>\n<div class=\"tsf-campo-acf-valores tsf-campo-acf-valores-pa_colores tsf_campo-acf tsf_pa_colores\"><\/div>\n<div class=\"tsf-campo-acf-titulo tsf-campo-acf-titulo-pa_tallas tsf_campo-acf tsf_pa_tallas\"><strong><i class=\"material-icons\">Tallas<\/i><\/strong><\/div>\n<div><\/div>\n<div class=\"tsf-campo-acf-valores tsf-campo-acf-valores-pa_tallas tsf_campo-acf tsf_pa_tallas\">N\u00ba36, N\u00ba37, N\u00ba38, N\u00ba39, N\u00ba40, N\u00ba41, N\u00ba42<\/div>\n<div><\/div>\n<div>\n<div class=\"tsf-campo-acf-titulo tsf-campo-acf-titulo-pa_colores tsf_campo-acf tsf_pa_colores\"><b><i>Color<\/i><\/b><\/div>\n<div><\/div>\n<div class=\"tsf-campo-acf-valores tsf-campo-acf-valores-pa_colores tsf_campo-acf tsf_pa_colores\">CAMEL, MARRON, METALICO, NEGRO, TAUPE<\/div>\n<\/div>\n","protected":false},"excerpt":{"rendered":"<p>Indicado para pie artr\u00edtico, pie neurop\u00e1tico, pie diab\u00e9tico, pie posquir\u00fargico&#8230; La elasticidad del tejido evita presiones en zonas problem\u00e1ticas (halluxvalgus, dedos en garra&#8230;), evitando el dolor en los pies sensibles. Caracter\u00edsticas El modelo Lisa lleva una pala el\u00e1stica para facilitar su adaptaci\u00f3n a todo tipo de pie. Horma C+ que proporciona mayor comodidad para evitar [&hellip;]<\/p>\n","protected":false},"featured_media":3905,"comment_status":"open","ping_status":"closed","template":"","meta":{"saved_in_kubio":false},"product_brand":[],"product_cat":[128],"product_tag":[118],"class_list":{"0":"post-3904","1":"product","2":"type-product","3":"status-publish","4":"has-post-thumbnail","6":"product_cat-zapatos","7":"product_tag-emo","9":"first","10":"instock","11":"shipping-taxable","12":"product-type-simple"},"_links":{"self":[{"href":"https:\/\/ortopediagot.net\/Inicio\/wp-json\/wp\/v2\/product\/3904"}],"collection":[{"href":"https:\/\/ortopediagot.net\/Inicio\/wp-json\/wp\/v2\/product"}],"about":[{"href":"https:\/\/ortopediagot.net\/Inicio\/wp-json\/wp\/v2\/types\/product"}],"replies":[{"embeddable":true,"href":"https:\/\/ortopediagot.net\/Inicio\/wp-json\/wp\/v2\/comments?post=3904"}],"wp:featuredmedia":[{"embeddable":true,"href":"https:\/\/ortopediagot.net\/Inicio\/wp-json\/wp\/v2\/media\/3905"}],"wp:attachment":[{"href":"https:\/\/ortopediagot.net\/Inicio\/wp-json\/wp\/v2\/media?parent=3904"}],"wp:term":[{"taxonomy":"product_brand","embeddable":true,"href":"https:\/\/ortopediagot.net\/Inicio\/wp-json\/wp\/v2\/product_brand?post=3904"},{"taxonomy":"product_cat","embeddable":true,"href":"https:\/\/ortopediagot.net\/Inicio\/wp-json\/wp\/v2\/product_cat?post=3904"},{"taxonomy":"product_tag","embeddable":true,"href":"https:\/\/ortopediagot.net\/Inicio\/wp-json\/wp\/v2\/product_tag?post=3904"}],"curies":[{"name":"wp","href":"https:\/\/api.w.org\/{rel}","templated":true}]}}