{"id":3938,"date":"2024-06-13T13:14:10","date_gmt":"2024-06-13T12:14:10","guid":{"rendered":"https:\/\/ortopediagot.net\/?post_type=product&#038;p=3938"},"modified":"2024-06-13T13:14:11","modified_gmt":"2024-06-13T12:14:11","slug":"m3431v-areli-casual-velcro-caballero","status":"publish","type":"product","link":"https:\/\/ortopediagot.net\/Inicio\/producto\/m3431v-areli-casual-velcro-caballero\/","title":{"rendered":"M3431V ARELI CASUAL VELCRO CABALLERO"},"content":{"rendered":"<p>Pie artr\u00edtico,<br \/>\nPie neurop\u00e1tico,<br \/>\nPie diab\u00e9tico<br \/>\nPie posquir\u00fargico<br \/>\nHallux Valgus<br \/>\nDedos en garra<\/p>\n<div class=\"tsf-campo-acf-titulo tsf-campo-acf-titulo-caracteristicas tsf_campo-acf tsf_caracteristicas\"><strong>Caracter\u00edsticas<\/strong><\/div>\n<div><\/div>\n<div class=\"tsf-campo-acf-valores tsf-campo-acf-valores-caracteristicas tsf_campo-acf tsf_caracteristicas\">El modelo Areli Casual tiene la pala y los laterarales el\u00e1sticos, cuidando la sensibilidad en esas zonas. Dise\u00f1o con detalles en puntera y laterales que le aportan un estilo caracter\u00edstico al calzado.<br \/>\nHorma C+ que proporciona mayor comodidad para evitar presiones y rozaduras.<br \/>\nPlantillas extra\u00edbles e intercambiables de gran confort y absorci\u00f3n de impactos. El ususario puede sustituirlas por sus propias plantillas personalizadas<br \/>\nForro t\u00e9cnico transpirable, de m\u00e1xima absorci\u00f3n, termorregulador e hipoalerg\u00e9nico.<br \/>\nCalzado muy ligero gracias a la composici\u00f3n de su suela, plantilla y<br \/>\ntejido que hace m\u00e1s llevadero su uso durante todo el d\u00eda.<br \/>\nSuela ligera y de gran flexibilidad que conjuga un perfecto agarre<br \/>\ncon una buena resistencia al desgaste.<br \/>\nCierre tipo velcro<\/div>\n<div class=\"tsf-campo-acf-valores tsf-campo-acf-valores-pa_colores tsf_campo-acf tsf_pa_colores\"><\/div>\n<div class=\"tsf-campo-acf-titulo tsf-campo-acf-titulo-pa_tallas tsf_campo-acf tsf_pa_tallas\"><b><i>Tallas<\/i><\/b><\/div>\n<div><\/div>\n<div class=\"tsf-campo-acf-valores tsf-campo-acf-valores-pa_tallas tsf_campo-acf tsf_pa_tallas\">N\u00ba39, N\u00ba40, N\u00ba41, N\u00ba42, N\u00ba43, N\u00ba44, N\u00ba45, N\u00ba46<\/div>\n<div><\/div>\n<div><strong>Color<\/strong><\/div>\n<div><\/div>\n<div>\n<div class=\"tsf-campo-acf-valores tsf-campo-acf-valores-pa_colores tsf_campo-acf tsf_pa_colores\">AZUL, MARRON, NEGRO<\/div>\n<\/div>\n","protected":false},"excerpt":{"rendered":"<p>Pie artr\u00edtico, Pie neurop\u00e1tico, Pie diab\u00e9tico Pie posquir\u00fargico Hallux Valgus Dedos en garra Caracter\u00edsticas El modelo Areli Casual tiene la pala y los laterarales el\u00e1sticos, cuidando la sensibilidad en esas zonas. Dise\u00f1o con detalles en puntera y laterales que le aportan un estilo caracter\u00edstico al calzado. Horma C+ que proporciona mayor comodidad para evitar presiones [&hellip;]<\/p>\n","protected":false},"featured_media":3939,"comment_status":"open","ping_status":"closed","template":"","meta":{"saved_in_kubio":false},"product_brand":[],"product_cat":[128],"product_tag":[118],"class_list":{"0":"post-3938","1":"product","2":"type-product","3":"status-publish","4":"has-post-thumbnail","6":"product_cat-zapatos","7":"product_tag-emo","9":"first","10":"instock","11":"shipping-taxable","12":"product-type-simple"},"_links":{"self":[{"href":"https:\/\/ortopediagot.net\/Inicio\/wp-json\/wp\/v2\/product\/3938"}],"collection":[{"href":"https:\/\/ortopediagot.net\/Inicio\/wp-json\/wp\/v2\/product"}],"about":[{"href":"https:\/\/ortopediagot.net\/Inicio\/wp-json\/wp\/v2\/types\/product"}],"replies":[{"embeddable":true,"href":"https:\/\/ortopediagot.net\/Inicio\/wp-json\/wp\/v2\/comments?post=3938"}],"wp:featuredmedia":[{"embeddable":true,"href":"https:\/\/ortopediagot.net\/Inicio\/wp-json\/wp\/v2\/media\/3939"}],"wp:attachment":[{"href":"https:\/\/ortopediagot.net\/Inicio\/wp-json\/wp\/v2\/media?parent=3938"}],"wp:term":[{"taxonomy":"product_brand","embeddable":true,"href":"https:\/\/ortopediagot.net\/Inicio\/wp-json\/wp\/v2\/product_brand?post=3938"},{"taxonomy":"product_cat","embeddable":true,"href":"https:\/\/ortopediagot.net\/Inicio\/wp-json\/wp\/v2\/product_cat?post=3938"},{"taxonomy":"product_tag","embeddable":true,"href":"https:\/\/ortopediagot.net\/Inicio\/wp-json\/wp\/v2\/product_tag?post=3938"}],"curies":[{"name":"wp","href":"https:\/\/api.w.org\/{rel}","templated":true}]}}