{"id":3952,"date":"2024-06-13T13:22:28","date_gmt":"2024-06-13T12:22:28","guid":{"rendered":"https:\/\/ortopediagot.net\/?post_type=product&#038;p=3952"},"modified":"2024-06-13T13:22:29","modified_gmt":"2024-06-13T12:22:29","slug":"m3510-areli-elastic-comfort","status":"publish","type":"product","link":"https:\/\/ortopediagot.net\/Inicio\/producto\/m3510-areli-elastic-comfort\/","title":{"rendered":"M3510 ARELI ELASTIC COMFORT"},"content":{"rendered":"<p>Indicado para pie artr\u00edtico, pie neurop\u00e1tico, pie diab\u00e9tico, pie posquir\u00fargico&#8230; La elasticidad del tejido evita presiones en zonas problem\u00e1ticas (hallux valgus, dedos en garra&#8230;), evitando el dolor en los pies sensibles.<\/p>\n<div class=\"tsf-campo-acf-titulo tsf-campo-acf-titulo-caracteristicas tsf_campo-acf tsf_caracteristicas\"><strong>Caracter\u00edsticas<\/strong><\/div>\n<div><\/div>\n<div class=\"tsf-campo-acf-valores tsf-campo-acf-valores-caracteristicas tsf_campo-acf tsf_caracteristicas\">ARELI Elastic es la l\u00ednea m\u00e1s flexible de EMO. El calzado se adapta a la forma del pie, evitando sobrepresiones indeseables y ofreciendo una gran comodidad al paciente.<br \/>\nCalzado de horma ancha confeccionado en piel de cordero y tejido el\u00e1stico, es perfecto para proporcionar una sensaci\u00f3n de descanso. El almohadillado interior aporta un gran confort.<br \/>\nAdem\u00e1s cuenta con la plantilla LAT-air COMPLET que absorbe los impactos.<\/div>\n<div class=\"tsf-campo-acf-valores tsf-campo-acf-valores-pa_colores tsf_campo-acf tsf_pa_colores\"><\/div>\n<div class=\"tsf-campo-acf-titulo tsf-campo-acf-titulo-pa_tallas tsf_campo-acf tsf_pa_tallas\"><b><i>Tallas<\/i><\/b><\/div>\n<div><\/div>\n<div class=\"tsf-campo-acf-valores tsf-campo-acf-valores-pa_tallas tsf_campo-acf tsf_pa_tallas\">N\u00ba34, N\u00ba35, N\u00ba36, N\u00ba37, N\u00ba38, N\u00ba39, N\u00ba40, N\u00ba41, N\u00ba42, N\u00ba43, N\u00ba44<\/div>\n<div><\/div>\n<div>\n<div class=\"tsf-campo-acf-titulo tsf-campo-acf-titulo-pa_colores tsf_campo-acf tsf_pa_colores\"><b><i>Color<\/i><\/b><\/div>\n<div><\/div>\n<div class=\"tsf-campo-acf-valores tsf-campo-acf-valores-pa_colores tsf_campo-acf tsf_pa_colores\">NEGRO<\/div>\n<\/div>\n","protected":false},"excerpt":{"rendered":"<p>Indicado para pie artr\u00edtico, pie neurop\u00e1tico, pie diab\u00e9tico, pie posquir\u00fargico&#8230; La elasticidad del tejido evita presiones en zonas problem\u00e1ticas (hallux valgus, dedos en garra&#8230;), evitando el dolor en los pies sensibles. Caracter\u00edsticas ARELI Elastic es la l\u00ednea m\u00e1s flexible de EMO. El calzado se adapta a la forma del pie, evitando sobrepresiones indeseables y ofreciendo [&hellip;]<\/p>\n","protected":false},"featured_media":3953,"comment_status":"open","ping_status":"closed","template":"","meta":{"saved_in_kubio":false},"product_brand":[],"product_cat":[128],"product_tag":[118],"class_list":{"0":"post-3952","1":"product","2":"type-product","3":"status-publish","4":"has-post-thumbnail","6":"product_cat-zapatos","7":"product_tag-emo","9":"first","10":"instock","11":"shipping-taxable","12":"product-type-simple"},"_links":{"self":[{"href":"https:\/\/ortopediagot.net\/Inicio\/wp-json\/wp\/v2\/product\/3952"}],"collection":[{"href":"https:\/\/ortopediagot.net\/Inicio\/wp-json\/wp\/v2\/product"}],"about":[{"href":"https:\/\/ortopediagot.net\/Inicio\/wp-json\/wp\/v2\/types\/product"}],"replies":[{"embeddable":true,"href":"https:\/\/ortopediagot.net\/Inicio\/wp-json\/wp\/v2\/comments?post=3952"}],"wp:featuredmedia":[{"embeddable":true,"href":"https:\/\/ortopediagot.net\/Inicio\/wp-json\/wp\/v2\/media\/3953"}],"wp:attachment":[{"href":"https:\/\/ortopediagot.net\/Inicio\/wp-json\/wp\/v2\/media?parent=3952"}],"wp:term":[{"taxonomy":"product_brand","embeddable":true,"href":"https:\/\/ortopediagot.net\/Inicio\/wp-json\/wp\/v2\/product_brand?post=3952"},{"taxonomy":"product_cat","embeddable":true,"href":"https:\/\/ortopediagot.net\/Inicio\/wp-json\/wp\/v2\/product_cat?post=3952"},{"taxonomy":"product_tag","embeddable":true,"href":"https:\/\/ortopediagot.net\/Inicio\/wp-json\/wp\/v2\/product_tag?post=3952"}],"curies":[{"name":"wp","href":"https:\/\/api.w.org\/{rel}","templated":true}]}}