{"id":3977,"date":"2024-06-13T15:03:35","date_gmt":"2024-06-13T14:03:35","guid":{"rendered":"https:\/\/ortopediagot.net\/?post_type=product&#038;p=3977"},"modified":"2024-06-13T15:03:36","modified_gmt":"2024-06-13T14:03:36","slug":"m3569-areli-elastic-bandy-sp","status":"publish","type":"product","link":"https:\/\/ortopediagot.net\/Inicio\/producto\/m3569-areli-elastic-bandy-sp\/","title":{"rendered":"M3569 ARELI ELASTIC BANDY SP"},"content":{"rendered":"<p>Deformidades en pies diab\u00e9ticos, artr\u00edticos y neurop\u00e1ticos.<br \/>\nPies con problemas de que necesitan un calzado ligero, el\u00e1stico y adaptable a la morfolog\u00eda del pie.<br \/>\nPie posquir\u00fargico.<br \/>\nHallux Valgus y juanete de sastre<br \/>\nDedos en garra<\/p>\n<div class=\"tsf-campo-acf-titulo tsf-campo-acf-titulo-caracteristicas tsf_campo-acf tsf_caracteristicas\"><strong>Caracter\u00edsticas<\/strong><\/div>\n<div><\/div>\n<div class=\"tsf-campo-acf-valores tsf-campo-acf-valores-caracteristicas tsf_campo-acf tsf_caracteristicas\">Zapato ortop\u00e9dico muy ligero gracias a la combinaci\u00f3n de materiales que incorpora: piel, tejido el\u00e1stico, plantilla y suela que aporta gran confort y facilita su uso durante todo el d\u00eda.<br \/>\nHorma de gran capacidad que proporciona mayor comodidad y reduce presiones y rozaduras.<br \/>\nPala el\u00e1stica para facilitar su adaptaci\u00f3n a todo tipo de pie.<br \/>\nContrafuerte reforzado para mayor centraje y estabilidad de retropi\u00e9 durante la marcha.<br \/>\nBorde posterior inframaleolar almohadillado.<br \/>\nForro interior t\u00e9cnico con efecto termorregulador, hipoalerg\u00e9nico y m\u00e1xima capacidad de absorci\u00f3n de la humedad.<br \/>\nPlantillas extra\u00edbles conformadas de gran confort y absorci\u00f3n de impactos. Con memoria el\u00e1stica y forradas con microfibra. Incorporan almohadilla para amortiguar la carga sobre el tal\u00f3n y los metatarsianos<br \/>\nSuela ligera con excelente agarre y resistencia al desgaste.<br \/>\nTac\u00f3n conformado para facilitar el contacto inicial del tal\u00f3n en la fase inicial de la marcha.<br \/>\nCierre mediante cordones.<\/div>\n<div class=\"tsf-campo-acf-valores tsf-campo-acf-valores-pa_colores tsf_campo-acf tsf_pa_colores\"><\/div>\n<div class=\"tsf-campo-acf-titulo tsf-campo-acf-titulo-pa_tallas tsf_campo-acf tsf_pa_tallas\"><b><i>Tallas<\/i><\/b><\/div>\n<div><\/div>\n<div class=\"tsf-campo-acf-valores tsf-campo-acf-valores-pa_tallas tsf_campo-acf tsf_pa_tallas\">N\u00ba35, N\u00ba36, N\u00ba37, N\u00ba38, N\u00ba39, N\u00ba40, N\u00ba41, N\u00ba42, N\u00ba43, N\u00ba44, N\u00ba45<\/div>\n<div class=\"tsf-campo-acf-valores tsf-campo-acf-valores-tallas_medidas tsf_campo-acf tsf_pa_tallas_medidas\">TALLAS 35 A 45<\/div>\n<div><\/div>\n<div>\n<div class=\"tsf-campo-acf-titulo tsf-campo-acf-titulo-pa_colores tsf_campo-acf tsf_pa_colores\"><b><i>Color<\/i><\/b><\/div>\n<div><\/div>\n<div class=\"tsf-campo-acf-valores tsf-campo-acf-valores-pa_colores tsf_campo-acf tsf_pa_colores\">NEGRO<\/div>\n<\/div>\n","protected":false},"excerpt":{"rendered":"<p>Deformidades en pies diab\u00e9ticos, artr\u00edticos y neurop\u00e1ticos. Pies con problemas de que necesitan un calzado ligero, el\u00e1stico y adaptable a la morfolog\u00eda del pie. Pie posquir\u00fargico. Hallux Valgus y juanete de sastre Dedos en garra Caracter\u00edsticas Zapato ortop\u00e9dico muy ligero gracias a la combinaci\u00f3n de materiales que incorpora: piel, tejido el\u00e1stico, plantilla y suela que [&hellip;]<\/p>\n","protected":false},"featured_media":3978,"comment_status":"open","ping_status":"closed","template":"","meta":{"saved_in_kubio":false},"product_brand":[],"product_cat":[128],"product_tag":[118],"class_list":{"0":"post-3977","1":"product","2":"type-product","3":"status-publish","4":"has-post-thumbnail","6":"product_cat-zapatos","7":"product_tag-emo","9":"first","10":"instock","11":"shipping-taxable","12":"product-type-simple"},"_links":{"self":[{"href":"https:\/\/ortopediagot.net\/Inicio\/wp-json\/wp\/v2\/product\/3977"}],"collection":[{"href":"https:\/\/ortopediagot.net\/Inicio\/wp-json\/wp\/v2\/product"}],"about":[{"href":"https:\/\/ortopediagot.net\/Inicio\/wp-json\/wp\/v2\/types\/product"}],"replies":[{"embeddable":true,"href":"https:\/\/ortopediagot.net\/Inicio\/wp-json\/wp\/v2\/comments?post=3977"}],"wp:featuredmedia":[{"embeddable":true,"href":"https:\/\/ortopediagot.net\/Inicio\/wp-json\/wp\/v2\/media\/3978"}],"wp:attachment":[{"href":"https:\/\/ortopediagot.net\/Inicio\/wp-json\/wp\/v2\/media?parent=3977"}],"wp:term":[{"taxonomy":"product_brand","embeddable":true,"href":"https:\/\/ortopediagot.net\/Inicio\/wp-json\/wp\/v2\/product_brand?post=3977"},{"taxonomy":"product_cat","embeddable":true,"href":"https:\/\/ortopediagot.net\/Inicio\/wp-json\/wp\/v2\/product_cat?post=3977"},{"taxonomy":"product_tag","embeddable":true,"href":"https:\/\/ortopediagot.net\/Inicio\/wp-json\/wp\/v2\/product_tag?post=3977"}],"curies":[{"name":"wp","href":"https:\/\/api.w.org\/{rel}","templated":true}]}}