{"id":4010,"date":"2024-06-13T15:23:32","date_gmt":"2024-06-13T14:23:32","guid":{"rendered":"https:\/\/ortopediagot.net\/?post_type=product&#038;p=4010"},"modified":"2024-06-13T15:23:33","modified_gmt":"2024-06-13T14:23:33","slug":"m4223-areli-elastic-sandalia","status":"publish","type":"product","link":"https:\/\/ortopediagot.net\/Inicio\/producto\/m4223-areli-elastic-sandalia\/","title":{"rendered":"M4223 ARELI ELASTIC SANDALIA"},"content":{"rendered":"<p>Deformidades en pies diab\u00e9ticos, artr\u00edticos y neurop\u00e1ticos.<br \/>\nPies con problemas de que necesitan un calzado ligero, el\u00e1stico y adaptable a la morfolog\u00eda del pie.<\/p>\n<div class=\"tsf-campo-acf-titulo tsf-campo-acf-titulo-caracteristicas tsf_campo-acf tsf_caracteristicas\"><strong>Caracter\u00edsticas<\/strong><\/div>\n<div><\/div>\n<div class=\"tsf-campo-acf-valores tsf-campo-acf-valores-caracteristicas tsf_campo-acf tsf_caracteristicas\">Zapato ortop\u00e9dico Areli Elastic es la l\u00ednea m\u00e1s flexible de EMO.<br \/>\nCalzado de horma ancha confeccionado en piel de cordero y tejido el\u00e1stico.<br \/>\nEl almohadillado interior aporta un gran comfort.<br \/>\nPlantilla extraible que absorbe los impactos.<br \/>\nEl calzado se adapta a la forma del pie, evitando sobrepresiones indeseables y ofreciendo una gran comodidad al paciente.<br \/>\nCalzado con horma ancha<br \/>\nTejido el\u00e1stico que evita presiones en zonas sensibles.<br \/>\nForro interior t\u00e9cnico.<br \/>\nCon plantilla anat\u00f3mica extra\u00edble.<br \/>\nAlmohadillado interior<br \/>\nCierres con velcro para ajuste.<br \/>\nLigereza.<\/div>\n<div class=\"tsf-campo-acf-valores tsf-campo-acf-valores-pa_colores tsf_campo-acf tsf_pa_colores\"><\/div>\n<div class=\"tsf-campo-acf-titulo tsf-campo-acf-titulo-pa_tallas tsf_campo-acf tsf_pa_tallas\"><b><i>Tallas<\/i><\/b><\/div>\n<div><\/div>\n<div class=\"tsf-campo-acf-valores tsf-campo-acf-valores-pa_tallas tsf_campo-acf tsf_pa_tallas\">N\u00ba36, N\u00ba37, N\u00ba38, N\u00ba39, N\u00ba40, N\u00ba41<\/div>\n<div><\/div>\n<div>\n<div class=\"tsf-campo-acf-titulo tsf-campo-acf-titulo-pa_colores tsf_campo-acf tsf_pa_colores\"><b><i>Color\u00a0<\/i><\/b><\/div>\n<div><\/div>\n<div class=\"tsf-campo-acf-valores tsf-campo-acf-valores-pa_colores tsf_campo-acf tsf_pa_colores\">CUERO, NEGRO, TAUPE<\/div>\n<\/div>\n","protected":false},"excerpt":{"rendered":"<p>Deformidades en pies diab\u00e9ticos, artr\u00edticos y neurop\u00e1ticos. Pies con problemas de que necesitan un calzado ligero, el\u00e1stico y adaptable a la morfolog\u00eda del pie. Caracter\u00edsticas Zapato ortop\u00e9dico Areli Elastic es la l\u00ednea m\u00e1s flexible de EMO. Calzado de horma ancha confeccionado en piel de cordero y tejido el\u00e1stico. El almohadillado interior aporta un gran comfort. [&hellip;]<\/p>\n","protected":false},"featured_media":4011,"comment_status":"open","ping_status":"closed","template":"","meta":{"saved_in_kubio":false},"product_brand":[],"product_cat":[130],"product_tag":[118],"class_list":{"0":"post-4010","1":"product","2":"type-product","3":"status-publish","4":"has-post-thumbnail","6":"product_cat-sandalias","7":"product_tag-emo","9":"first","10":"instock","11":"shipping-taxable","12":"product-type-simple"},"_links":{"self":[{"href":"https:\/\/ortopediagot.net\/Inicio\/wp-json\/wp\/v2\/product\/4010"}],"collection":[{"href":"https:\/\/ortopediagot.net\/Inicio\/wp-json\/wp\/v2\/product"}],"about":[{"href":"https:\/\/ortopediagot.net\/Inicio\/wp-json\/wp\/v2\/types\/product"}],"replies":[{"embeddable":true,"href":"https:\/\/ortopediagot.net\/Inicio\/wp-json\/wp\/v2\/comments?post=4010"}],"wp:featuredmedia":[{"embeddable":true,"href":"https:\/\/ortopediagot.net\/Inicio\/wp-json\/wp\/v2\/media\/4011"}],"wp:attachment":[{"href":"https:\/\/ortopediagot.net\/Inicio\/wp-json\/wp\/v2\/media?parent=4010"}],"wp:term":[{"taxonomy":"product_brand","embeddable":true,"href":"https:\/\/ortopediagot.net\/Inicio\/wp-json\/wp\/v2\/product_brand?post=4010"},{"taxonomy":"product_cat","embeddable":true,"href":"https:\/\/ortopediagot.net\/Inicio\/wp-json\/wp\/v2\/product_cat?post=4010"},{"taxonomy":"product_tag","embeddable":true,"href":"https:\/\/ortopediagot.net\/Inicio\/wp-json\/wp\/v2\/product_tag?post=4010"}],"curies":[{"name":"wp","href":"https:\/\/api.w.org\/{rel}","templated":true}]}}