{"id":4029,"date":"2024-06-14T09:58:00","date_gmt":"2024-06-14T08:58:00","guid":{"rendered":"https:\/\/ortopediagot.net\/?post_type=product&#038;p=4029"},"modified":"2024-06-14T09:58:01","modified_gmt":"2024-06-14T08:58:01","slug":"grua-de-traslado-lifty5","status":"publish","type":"product","link":"https:\/\/ortopediagot.net\/Inicio\/producto\/grua-de-traslado-lifty5\/","title":{"rendered":"Gr\u00faa de traslado Lifty5"},"content":{"rendered":"<p>Lifty5. Ref. ADSME05<\/p>\n<p>&nbsp;<\/p>\n<p>Gr\u00faa el\u00e9ctrica de elevaci\u00f3n y traslado con arn\u00e9s en U XL, LIFTY5.<\/p>\n<p>El sistema de enganche del arn\u00e9s se ajusta mediante 4 puntos para mayor comodidad del usuario y mejor adaptabilidad.<\/p>\n<p>Ruedas traseras con frenos de blocaje.<\/p>\n<p>Sistema de apertura de patas el\u00e9ctrico.<\/p>\n<p>Sistema de descenso de emergencia, tanto manual como el\u00e9ctrico.<\/p>\n<p>Bot\u00f3n de parada de emergencia.<\/p>\n<p>Cargador de bater\u00edas incorporado en el bloque.<\/p>\n<p>Recoge desde el suelo.<\/p>\n<p>ARN\u00c9S EN U XL INCLUIDO<\/p>\n<p>&nbsp;<\/p>\n<p><strong>Caracter\u00edsticas<\/strong><\/p>\n<p>&nbsp;<\/p>\n<p>Peso: 68 Kg.<\/p>\n<p>Capacidad 250 Kg<\/p>\n<p>Ancho exterior: 76 \/ 115 cm<\/p>\n<p>Ancho interior: 58 \/ 100 cm<\/p>\n<p>Altura ganchos: 45 \/ 174 cm<\/p>\n<p>Altura m\u00e1xima: 136 \/ 205 cm<\/p>\n<p>Altura ruedas delanteras: 13cm<\/p>\n<p>Fondo: 145 cm<\/p>\n","protected":false},"excerpt":{"rendered":"<p>Lifty5. Ref. ADSME05 &nbsp; Gr\u00faa el\u00e9ctrica de elevaci\u00f3n y traslado con arn\u00e9s en U XL, LIFTY5. El sistema de enganche del arn\u00e9s se ajusta mediante 4 puntos para mayor comodidad del usuario y mejor adaptabilidad. Ruedas traseras con frenos de blocaje. Sistema de apertura de patas el\u00e9ctrico. Sistema de descenso de emergencia, tanto manual como [&hellip;]<\/p>\n","protected":false},"featured_media":4028,"comment_status":"open","ping_status":"closed","template":"","meta":{"saved_in_kubio":false},"product_brand":[],"product_cat":[134],"product_tag":[135],"class_list":{"0":"post-4029","1":"product","2":"type-product","3":"status-publish","4":"has-post-thumbnail","6":"product_cat-gruas-150-kg","7":"product_tag-obea-chair","9":"first","10":"instock","11":"shipping-taxable","12":"product-type-simple"},"_links":{"self":[{"href":"https:\/\/ortopediagot.net\/Inicio\/wp-json\/wp\/v2\/product\/4029"}],"collection":[{"href":"https:\/\/ortopediagot.net\/Inicio\/wp-json\/wp\/v2\/product"}],"about":[{"href":"https:\/\/ortopediagot.net\/Inicio\/wp-json\/wp\/v2\/types\/product"}],"replies":[{"embeddable":true,"href":"https:\/\/ortopediagot.net\/Inicio\/wp-json\/wp\/v2\/comments?post=4029"}],"wp:featuredmedia":[{"embeddable":true,"href":"https:\/\/ortopediagot.net\/Inicio\/wp-json\/wp\/v2\/media\/4028"}],"wp:attachment":[{"href":"https:\/\/ortopediagot.net\/Inicio\/wp-json\/wp\/v2\/media?parent=4029"}],"wp:term":[{"taxonomy":"product_brand","embeddable":true,"href":"https:\/\/ortopediagot.net\/Inicio\/wp-json\/wp\/v2\/product_brand?post=4029"},{"taxonomy":"product_cat","embeddable":true,"href":"https:\/\/ortopediagot.net\/Inicio\/wp-json\/wp\/v2\/product_cat?post=4029"},{"taxonomy":"product_tag","embeddable":true,"href":"https:\/\/ortopediagot.net\/Inicio\/wp-json\/wp\/v2\/product_tag?post=4029"}],"curies":[{"name":"wp","href":"https:\/\/api.w.org\/{rel}","templated":true}]}}