{"id":4030,"date":"2024-06-14T10:00:31","date_gmt":"2024-06-14T09:00:31","guid":{"rendered":"https:\/\/ortopediagot.net\/?post_type=product&#038;p=4030"},"modified":"2024-06-14T10:00:32","modified_gmt":"2024-06-14T09:00:32","slug":"silla-de-habitacion-candy-fortissimo","status":"publish","type":"product","link":"https:\/\/ortopediagot.net\/Inicio\/producto\/silla-de-habitacion-candy-fortissimo\/","title":{"rendered":"Silla de habitaci\u00f3n Candy Fortissimo"},"content":{"rendered":"<p>Candy 450 (Peso m\u00e1ximo usuario<b>180kg<\/b>). Ref. AGCANDY450<\/p>\n<p>Candy 600 (Peso m\u00e1ximo usuario<b>270kg<\/b>). Ref. AGCANDY600<\/p>\n<p>Candy 800 (Peso m\u00e1ximo usuario<b>300kg<\/b>) . Ref. AGCANDY800<\/p>\n<p>&nbsp;<\/p>\n<p><strong>Caracter\u00edsticas<\/strong><\/p>\n<p>&nbsp;<\/p>\n<p>Silla de habitaci\u00f3n con asiento evacuatorio, bacinilla y tapa entera.<\/p>\n<p>Acceso lateral a la bacinilla.<\/p>\n<p>Regulable en altura.<\/p>\n<p>Medidas en la imagen.<\/p>\n","protected":false},"excerpt":{"rendered":"<p>Candy 450 (Peso m\u00e1ximo usuario180kg). Ref. AGCANDY450 Candy 600 (Peso m\u00e1ximo usuario270kg). Ref. AGCANDY600 Candy 800 (Peso m\u00e1ximo usuario300kg) . Ref. AGCANDY800 &nbsp; Caracter\u00edsticas &nbsp; Silla de habitaci\u00f3n con asiento evacuatorio, bacinilla y tapa entera. Acceso lateral a la bacinilla. Regulable en altura. Medidas en la imagen.<\/p>\n","protected":false},"featured_media":4031,"comment_status":"open","ping_status":"closed","template":"","meta":{"saved_in_kubio":false},"product_brand":[],"product_cat":[133],"product_tag":[135],"class_list":{"0":"post-4030","1":"product","2":"type-product","3":"status-publish","4":"has-post-thumbnail","6":"product_cat-sillas-150-kg","7":"product_tag-obea-chair","9":"first","10":"instock","11":"shipping-taxable","12":"product-type-simple"},"_links":{"self":[{"href":"https:\/\/ortopediagot.net\/Inicio\/wp-json\/wp\/v2\/product\/4030"}],"collection":[{"href":"https:\/\/ortopediagot.net\/Inicio\/wp-json\/wp\/v2\/product"}],"about":[{"href":"https:\/\/ortopediagot.net\/Inicio\/wp-json\/wp\/v2\/types\/product"}],"replies":[{"embeddable":true,"href":"https:\/\/ortopediagot.net\/Inicio\/wp-json\/wp\/v2\/comments?post=4030"}],"wp:featuredmedia":[{"embeddable":true,"href":"https:\/\/ortopediagot.net\/Inicio\/wp-json\/wp\/v2\/media\/4031"}],"wp:attachment":[{"href":"https:\/\/ortopediagot.net\/Inicio\/wp-json\/wp\/v2\/media?parent=4030"}],"wp:term":[{"taxonomy":"product_brand","embeddable":true,"href":"https:\/\/ortopediagot.net\/Inicio\/wp-json\/wp\/v2\/product_brand?post=4030"},{"taxonomy":"product_cat","embeddable":true,"href":"https:\/\/ortopediagot.net\/Inicio\/wp-json\/wp\/v2\/product_cat?post=4030"},{"taxonomy":"product_tag","embeddable":true,"href":"https:\/\/ortopediagot.net\/Inicio\/wp-json\/wp\/v2\/product_tag?post=4030"}],"curies":[{"name":"wp","href":"https:\/\/api.w.org\/{rel}","templated":true}]}}