{"id":4037,"date":"2024-06-14T10:06:18","date_gmt":"2024-06-14T09:06:18","guid":{"rendered":"https:\/\/ortopediagot.net\/?post_type=product&#038;p=4037"},"modified":"2024-06-14T10:06:19","modified_gmt":"2024-06-14T09:06:19","slug":"andador-con-ruedas-y-asiento-fortissimo-d41","status":"publish","type":"product","link":"https:\/\/ortopediagot.net\/Inicio\/producto\/andador-con-ruedas-y-asiento-fortissimo-d41\/","title":{"rendered":"Andador con ruedas y asiento Fortissimo D41"},"content":{"rendered":"<p>D41. Ref. AGAND41<b>\u00a0<\/b><\/p>\n<p>&nbsp;<\/p>\n<p>Andador con ruedas, plegable, con asiento \u00a0y regulable en altura.<\/p>\n<p>&nbsp;<\/p>\n<p><strong>Caracter\u00edsticas<\/strong><\/p>\n<p>&nbsp;<\/p>\n<p>Medidas en la imagen.<\/p>\n<p>Medidas del asiento de 20\u00d740 cm.<\/p>\n<p>Carga m\u00e1xima usuario<b>\u00a0180kg<\/b><\/p>\n","protected":false},"excerpt":{"rendered":"<p>D41. Ref. AGAND41\u00a0 &nbsp; Andador con ruedas, plegable, con asiento \u00a0y regulable en altura. &nbsp; Caracter\u00edsticas &nbsp; Medidas en la imagen. Medidas del asiento de 20\u00d740 cm. Carga m\u00e1xima usuario\u00a0180kg<\/p>\n","protected":false},"featured_media":4038,"comment_status":"open","ping_status":"closed","template":"","meta":{"saved_in_kubio":false},"product_brand":[],"product_cat":[131],"product_tag":[135],"class_list":{"0":"post-4037","1":"product","2":"type-product","3":"status-publish","4":"has-post-thumbnail","6":"product_cat-andadores-150-kg","7":"product_tag-obea-chair","9":"first","10":"instock","11":"shipping-taxable","12":"product-type-simple"},"_links":{"self":[{"href":"https:\/\/ortopediagot.net\/Inicio\/wp-json\/wp\/v2\/product\/4037"}],"collection":[{"href":"https:\/\/ortopediagot.net\/Inicio\/wp-json\/wp\/v2\/product"}],"about":[{"href":"https:\/\/ortopediagot.net\/Inicio\/wp-json\/wp\/v2\/types\/product"}],"replies":[{"embeddable":true,"href":"https:\/\/ortopediagot.net\/Inicio\/wp-json\/wp\/v2\/comments?post=4037"}],"wp:featuredmedia":[{"embeddable":true,"href":"https:\/\/ortopediagot.net\/Inicio\/wp-json\/wp\/v2\/media\/4038"}],"wp:attachment":[{"href":"https:\/\/ortopediagot.net\/Inicio\/wp-json\/wp\/v2\/media?parent=4037"}],"wp:term":[{"taxonomy":"product_brand","embeddable":true,"href":"https:\/\/ortopediagot.net\/Inicio\/wp-json\/wp\/v2\/product_brand?post=4037"},{"taxonomy":"product_cat","embeddable":true,"href":"https:\/\/ortopediagot.net\/Inicio\/wp-json\/wp\/v2\/product_cat?post=4037"},{"taxonomy":"product_tag","embeddable":true,"href":"https:\/\/ortopediagot.net\/Inicio\/wp-json\/wp\/v2\/product_tag?post=4037"}],"curies":[{"name":"wp","href":"https:\/\/api.w.org\/{rel}","templated":true}]}}