{"id":4043,"date":"2024-06-14T10:10:50","date_gmt":"2024-06-14T09:10:50","guid":{"rendered":"https:\/\/ortopediagot.net\/?post_type=product&#038;p=4043"},"modified":"2024-06-14T10:10:50","modified_gmt":"2024-06-14T09:10:50","slug":"baston-ingles-fortissimo-771","status":"publish","type":"product","link":"https:\/\/ortopediagot.net\/Inicio\/producto\/baston-ingles-fortissimo-771\/","title":{"rendered":"Bast\u00f3n Ingles Fortissimo 771"},"content":{"rendered":"<p>771 unidad. Ref. AGMU771<\/p>\n<p>&nbsp;<\/p>\n<p>Bast\u00f3n Ingl\u00e9s con codera articulada<\/p>\n<p>&nbsp;<\/p>\n<p><strong>Caracter\u00edsticas<\/strong><\/p>\n<p>&nbsp;<\/p>\n<p>Doble regulaci\u00f3n de 76 a 106cm y de 18.5 a 23.50cm.<\/p>\n<p>Peso del bast\u00f3n 0.570kg.<\/p>\n<p>Pu\u00f1o forrado en mousse.<\/p>\n<p>Peso m\u00e1ximo usuario:\u00a0<b>180 kg\u00a0<\/b><\/p>\n<p>&nbsp;<\/p>\n","protected":false},"excerpt":{"rendered":"<p>771 unidad. Ref. AGMU771 &nbsp; Bast\u00f3n Ingl\u00e9s con codera articulada &nbsp; Caracter\u00edsticas &nbsp; Doble regulaci\u00f3n de 76 a 106cm y de 18.5 a 23.50cm. Peso del bast\u00f3n 0.570kg. Pu\u00f1o forrado en mousse. Peso m\u00e1ximo usuario:\u00a0180 kg\u00a0 &nbsp;<\/p>\n","protected":false},"featured_media":4044,"comment_status":"open","ping_status":"closed","template":"","meta":{"saved_in_kubio":false},"product_brand":[],"product_cat":[132],"product_tag":[135],"class_list":{"0":"post-4043","1":"product","2":"type-product","3":"status-publish","4":"has-post-thumbnail","6":"product_cat-bastones-150-kg","7":"product_tag-obea-chair","9":"first","10":"instock","11":"shipping-taxable","12":"product-type-simple"},"_links":{"self":[{"href":"https:\/\/ortopediagot.net\/Inicio\/wp-json\/wp\/v2\/product\/4043"}],"collection":[{"href":"https:\/\/ortopediagot.net\/Inicio\/wp-json\/wp\/v2\/product"}],"about":[{"href":"https:\/\/ortopediagot.net\/Inicio\/wp-json\/wp\/v2\/types\/product"}],"replies":[{"embeddable":true,"href":"https:\/\/ortopediagot.net\/Inicio\/wp-json\/wp\/v2\/comments?post=4043"}],"wp:featuredmedia":[{"embeddable":true,"href":"https:\/\/ortopediagot.net\/Inicio\/wp-json\/wp\/v2\/media\/4044"}],"wp:attachment":[{"href":"https:\/\/ortopediagot.net\/Inicio\/wp-json\/wp\/v2\/media?parent=4043"}],"wp:term":[{"taxonomy":"product_brand","embeddable":true,"href":"https:\/\/ortopediagot.net\/Inicio\/wp-json\/wp\/v2\/product_brand?post=4043"},{"taxonomy":"product_cat","embeddable":true,"href":"https:\/\/ortopediagot.net\/Inicio\/wp-json\/wp\/v2\/product_cat?post=4043"},{"taxonomy":"product_tag","embeddable":true,"href":"https:\/\/ortopediagot.net\/Inicio\/wp-json\/wp\/v2\/product_tag?post=4043"}],"curies":[{"name":"wp","href":"https:\/\/api.w.org\/{rel}","templated":true}]}}