{"id":4057,"date":"2024-06-14T11:48:00","date_gmt":"2024-06-14T10:48:00","guid":{"rendered":"https:\/\/ortopediagot.net\/?post_type=product&#038;p=4057"},"modified":"2024-06-14T11:48:00","modified_gmt":"2024-06-14T10:48:00","slug":"fpm20-funda-protesis-mamaria-asimetrica","status":"publish","type":"product","link":"https:\/\/ortopediagot.net\/Inicio\/producto\/fpm20-funda-protesis-mamaria-asimetrica\/","title":{"rendered":"FPM20 FUNDA PR\u00d3TESIS MAMARIA ASIMETRICA"},"content":{"rendered":"<p>Adecuada para el uso conjunto con la pr\u00f3tesis mamaria.<\/p>\n<div class=\"tsf-campo-acf-titulo tsf-campo-acf-titulo-caracteristicas tsf_campo-acf tsf_caracteristicas\"><strong>Caracter\u00edsticas<\/strong><\/div>\n<div><\/div>\n<div class=\"tsf-campo-acf-valores tsf-campo-acf-valores-caracteristicas tsf_campo-acf tsf_caracteristicas\">Lavable.<br \/>\nConfeccionada en tejido de algod\u00f3n y lycra.<br \/>\nRecomendada para un uso higi\u00e9nico. Asimetrica.<\/div>\n<div class=\"tsf-campo-acf-titulo tsf-campo-acf-titulo-pa_tallas tsf_campo-acf tsf_pa_tallas\"><\/div>\n<div><strong>TAllasa<\/strong><\/div>\n<div class=\"tsf-campo-acf-valores tsf-campo-acf-valores-pa_tallas tsf_campo-acf tsf_pa_tallas\">1\/60, 2\/65, 3\/70, 4\/75, 5\/80, 6\/85, 7\/90, 8\/95, 9\/100, 10\/105, 11\/110, 12\/115, 13\/120<\/div>\n<div class=\"tsf-campo-acf-valores tsf-campo-acf-valores-tallas_medidas tsf_campo-acf tsf_pa_tallas_medidas\">TALLA DE LA PROTESIS.<\/div>\n","protected":false},"excerpt":{"rendered":"<p>Adecuada para el uso conjunto con la pr\u00f3tesis mamaria. Caracter\u00edsticas Lavable. Confeccionada en tejido de algod\u00f3n y lycra. Recomendada para un uso higi\u00e9nico. Asimetrica. TAllasa 1\/60, 2\/65, 3\/70, 4\/75, 5\/80, 6\/85, 7\/90, 8\/95, 9\/100, 10\/105, 11\/110, 12\/115, 13\/120 TALLA DE LA PROTESIS.<\/p>\n","protected":false},"featured_media":4058,"comment_status":"open","ping_status":"closed","template":"","meta":{"saved_in_kubio":false},"product_brand":[],"product_cat":[99],"product_tag":[118],"class_list":{"0":"post-4057","1":"product","2":"type-product","3":"status-publish","4":"has-post-thumbnail","6":"product_cat-oncologia","7":"product_tag-emo","9":"first","10":"instock","11":"shipping-taxable","12":"product-type-simple"},"_links":{"self":[{"href":"https:\/\/ortopediagot.net\/Inicio\/wp-json\/wp\/v2\/product\/4057"}],"collection":[{"href":"https:\/\/ortopediagot.net\/Inicio\/wp-json\/wp\/v2\/product"}],"about":[{"href":"https:\/\/ortopediagot.net\/Inicio\/wp-json\/wp\/v2\/types\/product"}],"replies":[{"embeddable":true,"href":"https:\/\/ortopediagot.net\/Inicio\/wp-json\/wp\/v2\/comments?post=4057"}],"wp:featuredmedia":[{"embeddable":true,"href":"https:\/\/ortopediagot.net\/Inicio\/wp-json\/wp\/v2\/media\/4058"}],"wp:attachment":[{"href":"https:\/\/ortopediagot.net\/Inicio\/wp-json\/wp\/v2\/media?parent=4057"}],"wp:term":[{"taxonomy":"product_brand","embeddable":true,"href":"https:\/\/ortopediagot.net\/Inicio\/wp-json\/wp\/v2\/product_brand?post=4057"},{"taxonomy":"product_cat","embeddable":true,"href":"https:\/\/ortopediagot.net\/Inicio\/wp-json\/wp\/v2\/product_cat?post=4057"},{"taxonomy":"product_tag","embeddable":true,"href":"https:\/\/ortopediagot.net\/Inicio\/wp-json\/wp\/v2\/product_tag?post=4057"}],"curies":[{"name":"wp","href":"https:\/\/api.w.org\/{rel}","templated":true}]}}