{"id":4062,"date":"2024-06-14T11:52:37","date_gmt":"2024-06-14T10:52:37","guid":{"rendered":"https:\/\/ortopediagot.net\/?post_type=product&#038;p=4062"},"modified":"2024-06-14T11:52:38","modified_gmt":"2024-06-14T10:52:38","slug":"pm310-alina-ligera-simetrica","status":"publish","type":"product","link":"https:\/\/ortopediagot.net\/Inicio\/producto\/pm310-alina-ligera-simetrica\/","title":{"rendered":"PM310 ALINA LIGERA SIM\u00c9TRICA"},"content":{"rendered":"<p>Pr\u00f3tesis mamaria aligerada indicada para la protetizaci\u00f3n ex\u00f3gena de la mujer mastectomizada.<br \/>\nDise\u00f1ada en especial para mujeres con busto voluminoso y para aquellas que realizan actividades deportivas.<br \/>\nAdecuada para mastectom\u00edas simples.<\/p>\n<div class=\"tsf-campo-acf-titulo tsf-campo-acf-titulo-caracteristicas tsf_campo-acf tsf_caracteristicas\"><strong>Caracter\u00edsticas<\/strong><\/div>\n<div><\/div>\n<div class=\"tsf-campo-acf-valores tsf-campo-acf-valores-caracteristicas tsf_campo-acf tsf_caracteristicas\">Fabricada 100% en silicona m\u00e9dica de color carne.<br \/>\nRecubierta de una fina piel mate protectora transparente.<br \/>\nAdaptable a necesidades usuaria.<br \/>\nSu dise\u00f1o hace m\u00e1s natural su uni\u00f3n al cuerpo.<br \/>\nMateriales compatibles con su piel, sin sensaci\u00f3n extra\u00f1a por su adaptaci\u00f3n t\u00e9rmica al cuerpo.<br \/>\nPermite la recuperaci\u00f3n est\u00e9tica, restituyendo el aspecto externo de la usuaria.<br \/>\nSuave y flexible.<br \/>\nCon una caida natural.<br \/>\nIncluye funda lavable recomendada para un uso higi\u00e9nico confeccionada en tejido de algod\u00f3n y lycra..<br \/>\nF\u00e1cil limpieza y resistente al agua clorada, al agua del mar, al sudor y a las grasas.<br \/>\nIncluye un pr\u00e1ctico neceser.<br \/>\nAmplio tallaje, incluso disponible tallas especiales.<br \/>\nImpermeable a alerg\u00e9nicos y \u00e1caros.<br \/>\nResistente a microbios y hongos.<br \/>\nAlojada en una caja-neceser que permite el almacenamiento. Fabricada con silicona ligera y con comportamiento viscoel\u00e1stico.<br \/>\nAdaptable a ambos lados.<br \/>\nCon forma oval.<\/p>\n<\/div>\n<div class=\"tsf-campo-acf-titulo tsf-campo-acf-titulo-pa_tallas tsf_campo-acf tsf_pa_tallas\"><b><i>Tallas<\/i><\/b><\/div>\n<div><\/div>\n<div class=\"tsf-campo-acf-valores tsf-campo-acf-valores-pa_tallas tsf_campo-acf tsf_pa_tallas\">1\/60, 2\/65, 3\/70, 4\/75, 5\/80, 6\/85, 7\/90, 8\/95, 9\/100, 10\/105, 11\/110, 12\/115, 13\/120<\/div>\n<div class=\"tsf-campo-acf-valores tsf-campo-acf-valores-tallas_medidas tsf_campo-acf tsf_pa_tallas_medidas\">MEDIDA DEL CONTORNO DEL DIAFRAGMA EN CM. COPA B<\/div>\n","protected":false},"excerpt":{"rendered":"<p>Pr\u00f3tesis mamaria aligerada indicada para la protetizaci\u00f3n ex\u00f3gena de la mujer mastectomizada. Dise\u00f1ada en especial para mujeres con busto voluminoso y para aquellas que realizan actividades deportivas. Adecuada para mastectom\u00edas simples. Caracter\u00edsticas Fabricada 100% en silicona m\u00e9dica de color carne. Recubierta de una fina piel mate protectora transparente. Adaptable a necesidades usuaria. Su dise\u00f1o hace [&hellip;]<\/p>\n","protected":false},"featured_media":4063,"comment_status":"open","ping_status":"closed","template":"","meta":{"saved_in_kubio":false},"product_brand":[],"product_cat":[99],"product_tag":[118],"class_list":{"0":"post-4062","1":"product","2":"type-product","3":"status-publish","4":"has-post-thumbnail","6":"product_cat-oncologia","7":"product_tag-emo","9":"first","10":"instock","11":"shipping-taxable","12":"product-type-simple"},"_links":{"self":[{"href":"https:\/\/ortopediagot.net\/Inicio\/wp-json\/wp\/v2\/product\/4062"}],"collection":[{"href":"https:\/\/ortopediagot.net\/Inicio\/wp-json\/wp\/v2\/product"}],"about":[{"href":"https:\/\/ortopediagot.net\/Inicio\/wp-json\/wp\/v2\/types\/product"}],"replies":[{"embeddable":true,"href":"https:\/\/ortopediagot.net\/Inicio\/wp-json\/wp\/v2\/comments?post=4062"}],"wp:featuredmedia":[{"embeddable":true,"href":"https:\/\/ortopediagot.net\/Inicio\/wp-json\/wp\/v2\/media\/4063"}],"wp:attachment":[{"href":"https:\/\/ortopediagot.net\/Inicio\/wp-json\/wp\/v2\/media?parent=4062"}],"wp:term":[{"taxonomy":"product_brand","embeddable":true,"href":"https:\/\/ortopediagot.net\/Inicio\/wp-json\/wp\/v2\/product_brand?post=4062"},{"taxonomy":"product_cat","embeddable":true,"href":"https:\/\/ortopediagot.net\/Inicio\/wp-json\/wp\/v2\/product_cat?post=4062"},{"taxonomy":"product_tag","embeddable":true,"href":"https:\/\/ortopediagot.net\/Inicio\/wp-json\/wp\/v2\/product_tag?post=4062"}],"curies":[{"name":"wp","href":"https:\/\/api.w.org\/{rel}","templated":true}]}}