{"id":4115,"date":"2024-07-08T09:59:32","date_gmt":"2024-07-08T08:59:32","guid":{"rendered":"https:\/\/ortopediagot.net\/?post_type=product&#038;p=4115"},"modified":"2024-07-08T10:05:42","modified_gmt":"2024-07-08T09:05:42","slug":"andador-de-aluminio-mini-roler","status":"publish","type":"product","link":"https:\/\/ortopediagot.net\/Inicio\/producto\/andador-de-aluminio-mini-roler\/","title":{"rendered":"Andador de aluminio MINI ROLER"},"content":{"rendered":"<p>AD140<\/p>\n<p>Muy ligero y maniobrable ya que sus cuatro ruedas delanteras giran sobre si mismas. Dise\u00f1o moderno, atractivo y ergon\u00f3mico, equipado con asiento acolchado de 30 x 30cm y pu\u00f1os de altura regulable. Se pliega f\u00e1cilmente.<\/p>\n<p><strong>Caracter\u00edsticas<\/strong><\/p>\n<p>ALTO REGULABLE: 82-90 cm<\/p>\n<p>ALTO ASIENTO: 52 cm<\/p>\n<p>ANCHO TOTAL: 58 cm<\/p>\n<p>FONDO TOTAL: 54 cm<\/p>\n<p>&nbsp;<\/p>\n","protected":false},"excerpt":{"rendered":"<p>AD140 Muy ligero y maniobrable ya que sus cuatro ruedas delanteras giran sobre si mismas. Dise\u00f1o moderno, atractivo y ergon\u00f3mico, equipado con asiento acolchado de 30 x 30cm y pu\u00f1os de altura regulable. Se pliega f\u00e1cilmente. Caracter\u00edsticas ALTO REGULABLE: 82-90 cm ALTO ASIENTO: 52 cm ANCHO TOTAL: 58 cm FONDO TOTAL: 54 cm &nbsp;<\/p>\n","protected":false},"featured_media":4116,"comment_status":"open","ping_status":"closed","template":"","meta":{"saved_in_kubio":false},"product_brand":[],"product_cat":[60],"product_tag":[43],"class_list":{"0":"post-4115","1":"product","2":"type-product","3":"status-publish","4":"has-post-thumbnail","6":"product_cat-andadores","7":"product_tag-ayudas-dinamicas","9":"first","10":"instock","11":"shipping-taxable","12":"product-type-simple"},"_links":{"self":[{"href":"https:\/\/ortopediagot.net\/Inicio\/wp-json\/wp\/v2\/product\/4115"}],"collection":[{"href":"https:\/\/ortopediagot.net\/Inicio\/wp-json\/wp\/v2\/product"}],"about":[{"href":"https:\/\/ortopediagot.net\/Inicio\/wp-json\/wp\/v2\/types\/product"}],"replies":[{"embeddable":true,"href":"https:\/\/ortopediagot.net\/Inicio\/wp-json\/wp\/v2\/comments?post=4115"}],"wp:featuredmedia":[{"embeddable":true,"href":"https:\/\/ortopediagot.net\/Inicio\/wp-json\/wp\/v2\/media\/4116"}],"wp:attachment":[{"href":"https:\/\/ortopediagot.net\/Inicio\/wp-json\/wp\/v2\/media?parent=4115"}],"wp:term":[{"taxonomy":"product_brand","embeddable":true,"href":"https:\/\/ortopediagot.net\/Inicio\/wp-json\/wp\/v2\/product_brand?post=4115"},{"taxonomy":"product_cat","embeddable":true,"href":"https:\/\/ortopediagot.net\/Inicio\/wp-json\/wp\/v2\/product_cat?post=4115"},{"taxonomy":"product_tag","embeddable":true,"href":"https:\/\/ortopediagot.net\/Inicio\/wp-json\/wp\/v2\/product_tag?post=4115"}],"curies":[{"name":"wp","href":"https:\/\/api.w.org\/{rel}","templated":true}]}}