{"id":4121,"date":"2024-07-08T11:54:16","date_gmt":"2024-07-08T10:54:16","guid":{"rendered":"https:\/\/ortopediagot.net\/?post_type=product&#038;p=4121"},"modified":"2024-07-08T12:35:27","modified_gmt":"2024-07-08T11:35:27","slug":"andador-de-acero-con-ruedas","status":"publish","type":"product","link":"https:\/\/ortopediagot.net\/Inicio\/producto\/andador-de-acero-con-ruedas\/","title":{"rendered":"ANDADOR DE ACERO CON RUEDAS"},"content":{"rendered":"<p>Ref. A136<\/p>\n<p>Andador de acero pintado plegable, regulable en altura de 75 a 94 cm.<\/p>\n<p>Pu\u00f1os con regulaci\u00f3n independiente.<\/p>\n<p><strong>Caracter\u00edsticas<\/strong><\/p>\n<p>Altura Regulable: 75 a 94 cm<\/p>\n<p>Anchura: 56.5 cm<\/p>\n<p>Longitud: 75 cm<\/p>\n<p>Peso 4.6 kg<\/p>\n<p>Peso m\u00e1ximo de usuario: 100 kg<\/p>\n<p><strong>Color<\/strong><\/p>\n<p>Gris<\/p>\n","protected":false},"excerpt":{"rendered":"<p>Ref. A136 Andador de acero pintado plegable, regulable en altura de 75 a 94 cm. Pu\u00f1os con regulaci\u00f3n independiente. Caracter\u00edsticas Altura Regulable: 75 a 94 cm Anchura: 56.5 cm Longitud: 75 cm Peso 4.6 kg Peso m\u00e1ximo de usuario: 100 kg Color Gris<\/p>\n","protected":false},"featured_media":4124,"comment_status":"open","ping_status":"closed","template":"","meta":{"saved_in_kubio":false},"product_brand":[],"product_cat":[60],"product_tag":[48],"class_list":{"0":"post-4121","1":"product","2":"type-product","3":"status-publish","4":"has-post-thumbnail","6":"product_cat-andadores","7":"product_tag-sunrise-medical","9":"first","10":"instock","11":"shipping-taxable","12":"product-type-simple"},"_links":{"self":[{"href":"https:\/\/ortopediagot.net\/Inicio\/wp-json\/wp\/v2\/product\/4121"}],"collection":[{"href":"https:\/\/ortopediagot.net\/Inicio\/wp-json\/wp\/v2\/product"}],"about":[{"href":"https:\/\/ortopediagot.net\/Inicio\/wp-json\/wp\/v2\/types\/product"}],"replies":[{"embeddable":true,"href":"https:\/\/ortopediagot.net\/Inicio\/wp-json\/wp\/v2\/comments?post=4121"}],"wp:featuredmedia":[{"embeddable":true,"href":"https:\/\/ortopediagot.net\/Inicio\/wp-json\/wp\/v2\/media\/4124"}],"wp:attachment":[{"href":"https:\/\/ortopediagot.net\/Inicio\/wp-json\/wp\/v2\/media?parent=4121"}],"wp:term":[{"taxonomy":"product_brand","embeddable":true,"href":"https:\/\/ortopediagot.net\/Inicio\/wp-json\/wp\/v2\/product_brand?post=4121"},{"taxonomy":"product_cat","embeddable":true,"href":"https:\/\/ortopediagot.net\/Inicio\/wp-json\/wp\/v2\/product_cat?post=4121"},{"taxonomy":"product_tag","embeddable":true,"href":"https:\/\/ortopediagot.net\/Inicio\/wp-json\/wp\/v2\/product_tag?post=4121"}],"curies":[{"name":"wp","href":"https:\/\/api.w.org\/{rel}","templated":true}]}}