{"id":4147,"date":"2024-07-09T13:59:13","date_gmt":"2024-07-09T12:59:13","guid":{"rendered":"https:\/\/ortopediagot.net\/?post_type=product&#038;p=4147"},"modified":"2024-07-09T13:59:14","modified_gmt":"2024-07-09T12:59:14","slug":"rollator-asiento-regulable-en-altura-hi-low","status":"publish","type":"product","link":"https:\/\/ortopediagot.net\/Inicio\/producto\/rollator-asiento-regulable-en-altura-hi-low\/","title":{"rendered":"Rollator asiento regulable en altura HI-LOW"},"content":{"rendered":"<p>Fabricado en aluminio, pesa solo 7 kg y es muy f\u00e1cil de plegar para poder guardar y\/o transportar. Adecuado para su uso tanto en interiores como en exteriores. Asiento y pu\u00f1os regulables en altura, para adaptarse a las distintas alturas de los usuarios.<\/p>\n<p>El asiento es regulable en altura de 42 a 54 cm. independientemente de la regulaci\u00f3n de las empu\u00f1aduras.<\/p>\n<p>Frenos por maneta. Con sistema de bloqueo cuando est\u00e1 sentado. Los pu\u00f1os son anat\u00f3micos.<\/p>\n<p><strong>MODELO: <\/strong>AD152<\/p>\n<p><strong>ANCHO TOTAL: <\/strong>60 cm<\/p>\n<p><strong>FONDO TOTAL: <\/strong>74 cm<\/p>\n<p><strong>ALTURA DEL ASIENTO: <\/strong>De 42 a 54 cm<\/p>\n<p><strong>ALTO TOTAL: <\/strong>De 76 a 96 cm<\/p>\n","protected":false},"excerpt":{"rendered":"<p>Fabricado en aluminio, pesa solo 7 kg y es muy f\u00e1cil de plegar para poder guardar y\/o transportar. Adecuado para su uso tanto en interiores como en exteriores. Asiento y pu\u00f1os regulables en altura, para adaptarse a las distintas alturas de los usuarios. El asiento es regulable en altura de 42 a 54 cm. independientemente [&hellip;]<\/p>\n","protected":false},"featured_media":4148,"comment_status":"open","ping_status":"closed","template":"","meta":{"saved_in_kubio":false},"product_brand":[],"product_cat":[60],"product_tag":[43],"class_list":{"0":"post-4147","1":"product","2":"type-product","3":"status-publish","4":"has-post-thumbnail","6":"product_cat-andadores","7":"product_tag-ayudas-dinamicas","9":"first","10":"instock","11":"shipping-taxable","12":"product-type-simple"},"_links":{"self":[{"href":"https:\/\/ortopediagot.net\/Inicio\/wp-json\/wp\/v2\/product\/4147"}],"collection":[{"href":"https:\/\/ortopediagot.net\/Inicio\/wp-json\/wp\/v2\/product"}],"about":[{"href":"https:\/\/ortopediagot.net\/Inicio\/wp-json\/wp\/v2\/types\/product"}],"replies":[{"embeddable":true,"href":"https:\/\/ortopediagot.net\/Inicio\/wp-json\/wp\/v2\/comments?post=4147"}],"wp:featuredmedia":[{"embeddable":true,"href":"https:\/\/ortopediagot.net\/Inicio\/wp-json\/wp\/v2\/media\/4148"}],"wp:attachment":[{"href":"https:\/\/ortopediagot.net\/Inicio\/wp-json\/wp\/v2\/media?parent=4147"}],"wp:term":[{"taxonomy":"product_brand","embeddable":true,"href":"https:\/\/ortopediagot.net\/Inicio\/wp-json\/wp\/v2\/product_brand?post=4147"},{"taxonomy":"product_cat","embeddable":true,"href":"https:\/\/ortopediagot.net\/Inicio\/wp-json\/wp\/v2\/product_cat?post=4147"},{"taxonomy":"product_tag","embeddable":true,"href":"https:\/\/ortopediagot.net\/Inicio\/wp-json\/wp\/v2\/product_tag?post=4147"}],"curies":[{"name":"wp","href":"https:\/\/api.w.org\/{rel}","templated":true}]}}