{"id":4151,"date":"2024-07-09T14:09:33","date_gmt":"2024-07-09T13:09:33","guid":{"rendered":"https:\/\/ortopediagot.net\/?post_type=product&#038;p=4151"},"modified":"2024-07-09T14:09:34","modified_gmt":"2024-07-09T13:09:34","slug":"rollator-ligero-taima-m-eco","status":"publish","type":"product","link":"https:\/\/ortopediagot.net\/Inicio\/producto\/rollator-ligero-taima-m-eco\/","title":{"rendered":"Rollator ligero TAIMA M-ECO"},"content":{"rendered":"<p>Lo \u00faltimo en movilidad, es el rolator alem\u00e1n de \u00faltima generaci\u00f3n, con un look moderno, es\u00a0ligero. Se conduce y maniobra con una estabilidad \u00f3ptima tanto por interiores como por la calle. TAiMA M-ECO es adem\u00e1s plegable (ancho plegado de 23 cm.) y se mantiene de pie cuando est\u00e1 plegado. Incluye cesta de la compra y soporte para bast\u00f3n.<\/p>\n<p>El rollator Taima tiene un dise\u00f1o ergon\u00f3mico, que facilita el desplazamiento de personas con movilidad reducida. Este rollator constituye una herramienta de gran utilidad para que el desplazamiento de personas con movilidad reducida sea seguro, proporciona un recorrido c\u00f3modo y sin riesgo de ca\u00eddas, debido a que posee pu\u00f1os anat\u00f3micos que favorecen al agarre y se obtiene mayor apoyo.<\/p>\n<p>Adem\u00e1s, el rollator Taima tiene cuatro ruedas, frenos de mano y las ruedas delanteras son direccionales. Esta caracter\u00edstica permite que no sea necesario levantar el rollator cuando se va a girar a izquierda o derecha.<\/p>\n<p>El rollator permite el traslado de las personas con movilidad reducida con total seguridad y tranquilidad. Incluye asiento para descansar, tambi\u00e9n cesta donde pueden llevar objetos o pertenec\u00edas que desee.<\/p>\n<p><strong>CARACTER\u00cdSTICAS<\/strong><\/p>\n<p>-Respaldo y asiento<\/p>\n<p>-Porta bastones y bolsa de red (carga m\u00e1x. 5 kg)<\/p>\n<p>-Pisa pies para superar f\u00e1cilmente los obst\u00e1culos<\/p>\n<p>-Reflectores para mayor seguridad en la oscuridad<\/p>\n<p>-Amortiguador de direcci\u00f3n para mayor comodidad de conducci\u00f3n<\/p>\n<p>* Cesta para la compra de gran capacidad 15Kg (Opcional)<\/p>\n<p><strong>MODELO: <\/strong>AD172<\/p>\n<p><strong>ANCHO TOTAL: <\/strong>63 cm<\/p>\n<p><strong>ANCHO ASIENTO: <\/strong>45 cm<\/p>\n<p><strong>ALTO ASIENTO: <\/strong>59 cm<\/p>\n<p><strong>PU\u00d1OS REGULABLES: <\/strong>79 a 95 cm<\/p>\n","protected":false},"excerpt":{"rendered":"<p>Lo \u00faltimo en movilidad, es el rolator alem\u00e1n de \u00faltima generaci\u00f3n, con un look moderno, es\u00a0ligero. Se conduce y maniobra con una estabilidad \u00f3ptima tanto por interiores como por la calle. TAiMA M-ECO es adem\u00e1s plegable (ancho plegado de 23 cm.) y se mantiene de pie cuando est\u00e1 plegado. Incluye cesta de la compra y [&hellip;]<\/p>\n","protected":false},"featured_media":4152,"comment_status":"open","ping_status":"closed","template":"","meta":{"saved_in_kubio":false},"product_brand":[],"product_cat":[60],"product_tag":[43],"class_list":{"0":"post-4151","1":"product","2":"type-product","3":"status-publish","4":"has-post-thumbnail","6":"product_cat-andadores","7":"product_tag-ayudas-dinamicas","9":"first","10":"instock","11":"shipping-taxable","12":"product-type-simple"},"_links":{"self":[{"href":"https:\/\/ortopediagot.net\/Inicio\/wp-json\/wp\/v2\/product\/4151"}],"collection":[{"href":"https:\/\/ortopediagot.net\/Inicio\/wp-json\/wp\/v2\/product"}],"about":[{"href":"https:\/\/ortopediagot.net\/Inicio\/wp-json\/wp\/v2\/types\/product"}],"replies":[{"embeddable":true,"href":"https:\/\/ortopediagot.net\/Inicio\/wp-json\/wp\/v2\/comments?post=4151"}],"wp:featuredmedia":[{"embeddable":true,"href":"https:\/\/ortopediagot.net\/Inicio\/wp-json\/wp\/v2\/media\/4152"}],"wp:attachment":[{"href":"https:\/\/ortopediagot.net\/Inicio\/wp-json\/wp\/v2\/media?parent=4151"}],"wp:term":[{"taxonomy":"product_brand","embeddable":true,"href":"https:\/\/ortopediagot.net\/Inicio\/wp-json\/wp\/v2\/product_brand?post=4151"},{"taxonomy":"product_cat","embeddable":true,"href":"https:\/\/ortopediagot.net\/Inicio\/wp-json\/wp\/v2\/product_cat?post=4151"},{"taxonomy":"product_tag","embeddable":true,"href":"https:\/\/ortopediagot.net\/Inicio\/wp-json\/wp\/v2\/product_tag?post=4151"}],"curies":[{"name":"wp","href":"https:\/\/api.w.org\/{rel}","templated":true}]}}