{"id":4153,"date":"2024-07-09T14:16:18","date_gmt":"2024-07-09T13:16:18","guid":{"rendered":"https:\/\/ortopediagot.net\/?post_type=product&#038;p=4153"},"modified":"2024-07-09T14:16:19","modified_gmt":"2024-07-09T13:16:19","slug":"rollator-compacto-taima-s-gt","status":"publish","type":"product","link":"https:\/\/ortopediagot.net\/Inicio\/producto\/rollator-compacto-taima-s-gt\/","title":{"rendered":"Rollator compacto TAIMA S-GT"},"content":{"rendered":"<p>Lo \u00faltimo en movilidad, es el rolator alem\u00e1n de \u00faltima generaci\u00f3n, con un look moderno, es sorprendentemente ligero.<\/p>\n<p>Se conduce y maniobra con una estabilidad \u00f3ptima tanto por interiores como por la calle, incluso por pasos estrechos. TAiMA es adem\u00e1s plegable y se mantiene de pie cuando est\u00e1 plegado. Incluye cesta de la compra y soporte para bast\u00f3n.<\/p>\n<p><strong>MODELO: <\/strong>D175<\/p>\n<p><strong>ANCHO TOTAL: <\/strong>58 cm<\/p>\n<p><strong>ANCHO ASIENTO: <\/strong>39 cm<\/p>\n<p><strong>ALTO ASIENTO: <\/strong>51 cm<\/p>\n<p><strong>PU\u00d1OS REGULABLESA: <\/strong>76 a 86 cm<\/p>\n","protected":false},"excerpt":{"rendered":"<p>Lo \u00faltimo en movilidad, es el rolator alem\u00e1n de \u00faltima generaci\u00f3n, con un look moderno, es sorprendentemente ligero. Se conduce y maniobra con una estabilidad \u00f3ptima tanto por interiores como por la calle, incluso por pasos estrechos. TAiMA es adem\u00e1s plegable y se mantiene de pie cuando est\u00e1 plegado. Incluye cesta de la compra y [&hellip;]<\/p>\n","protected":false},"featured_media":4155,"comment_status":"open","ping_status":"closed","template":"","meta":{"saved_in_kubio":false},"product_brand":[],"product_cat":[60],"product_tag":[43],"class_list":{"0":"post-4153","1":"product","2":"type-product","3":"status-publish","4":"has-post-thumbnail","6":"product_cat-andadores","7":"product_tag-ayudas-dinamicas","9":"first","10":"instock","11":"shipping-taxable","12":"product-type-simple"},"_links":{"self":[{"href":"https:\/\/ortopediagot.net\/Inicio\/wp-json\/wp\/v2\/product\/4153"}],"collection":[{"href":"https:\/\/ortopediagot.net\/Inicio\/wp-json\/wp\/v2\/product"}],"about":[{"href":"https:\/\/ortopediagot.net\/Inicio\/wp-json\/wp\/v2\/types\/product"}],"replies":[{"embeddable":true,"href":"https:\/\/ortopediagot.net\/Inicio\/wp-json\/wp\/v2\/comments?post=4153"}],"wp:featuredmedia":[{"embeddable":true,"href":"https:\/\/ortopediagot.net\/Inicio\/wp-json\/wp\/v2\/media\/4155"}],"wp:attachment":[{"href":"https:\/\/ortopediagot.net\/Inicio\/wp-json\/wp\/v2\/media?parent=4153"}],"wp:term":[{"taxonomy":"product_brand","embeddable":true,"href":"https:\/\/ortopediagot.net\/Inicio\/wp-json\/wp\/v2\/product_brand?post=4153"},{"taxonomy":"product_cat","embeddable":true,"href":"https:\/\/ortopediagot.net\/Inicio\/wp-json\/wp\/v2\/product_cat?post=4153"},{"taxonomy":"product_tag","embeddable":true,"href":"https:\/\/ortopediagot.net\/Inicio\/wp-json\/wp\/v2\/product_tag?post=4153"}],"curies":[{"name":"wp","href":"https:\/\/api.w.org\/{rel}","templated":true}]}}