{"id":4156,"date":"2024-07-09T14:57:50","date_gmt":"2024-07-09T13:57:50","guid":{"rendered":"https:\/\/ortopediagot.net\/?post_type=product&#038;p=4156"},"modified":"2024-07-09T14:57:51","modified_gmt":"2024-07-09T13:57:51","slug":"rollator-todoterreno-taima-xc","status":"publish","type":"product","link":"https:\/\/ortopediagot.net\/Inicio\/producto\/rollator-todoterreno-taima-xc\/","title":{"rendered":"Rollator todoterreno TAIMA XC"},"content":{"rendered":"<p>Movilidad sin l\u00edmites gracias a los rollators ligeros y de gran estabilidad fabricados por la marca alemana DIETZ con el m\u00e1s alto nivel de calidad. Materiales ligeros combinados con 4 grandes ruedas neum\u00e1ticas de 310 mm y un dise\u00f1o moderno y pr\u00e1ctico hacen de TAiMA XC el primer y mejor rollator \u201c all road\u201d de Europa.<\/p>\n<p><strong>ESPECIAL PARA EXTERIORES Y TERRENOS IRREGULARES<\/strong><\/p>\n<p>Las ruedas extragrandes garantizan una conducci\u00f3n suave y segura incluso en terrenos irregulares.<\/p>\n<p><strong>Caracter\u00edsticas<\/strong><\/p>\n<p>-Pu\u00f1os ergon\u00f3micos.<\/p>\n<p>-Freno seguro y f\u00e1cil de ajustar.<\/p>\n<p>-F\u00e1cil de plegar, se aguanta de pie cuando est\u00e1 plegado.<\/p>\n<p>-Incluye cesta de la compra y soporte para bast\u00f3n.<\/p>\n<p>-Respaldo opcional: Ref. A 155 \/ 1<\/p>\n<p><strong>MODELO: <\/strong>AD155<\/p>\n<p><strong>ANCHO TOTAL: <\/strong>66 cm<\/p>\n<p><strong>ANCHO ASIENTO: <\/strong>45 cm<\/p>\n<p><strong>ALTO ASIENTO: <\/strong>60 cm<\/p>\n<p><strong>ALTO GRADUABLE: <\/strong>85-95cm<\/p>\n<p>&nbsp;<\/p>\n","protected":false},"excerpt":{"rendered":"<p>Movilidad sin l\u00edmites gracias a los rollators ligeros y de gran estabilidad fabricados por la marca alemana DIETZ con el m\u00e1s alto nivel de calidad. Materiales ligeros combinados con 4 grandes ruedas neum\u00e1ticas de 310 mm y un dise\u00f1o moderno y pr\u00e1ctico hacen de TAiMA XC el primer y mejor rollator \u201c all road\u201d de [&hellip;]<\/p>\n","protected":false},"featured_media":4157,"comment_status":"open","ping_status":"closed","template":"","meta":{"saved_in_kubio":false},"product_brand":[],"product_cat":[60],"product_tag":[43],"class_list":{"0":"post-4156","1":"product","2":"type-product","3":"status-publish","4":"has-post-thumbnail","6":"product_cat-andadores","7":"product_tag-ayudas-dinamicas","9":"first","10":"instock","11":"shipping-taxable","12":"product-type-simple"},"_links":{"self":[{"href":"https:\/\/ortopediagot.net\/Inicio\/wp-json\/wp\/v2\/product\/4156"}],"collection":[{"href":"https:\/\/ortopediagot.net\/Inicio\/wp-json\/wp\/v2\/product"}],"about":[{"href":"https:\/\/ortopediagot.net\/Inicio\/wp-json\/wp\/v2\/types\/product"}],"replies":[{"embeddable":true,"href":"https:\/\/ortopediagot.net\/Inicio\/wp-json\/wp\/v2\/comments?post=4156"}],"wp:featuredmedia":[{"embeddable":true,"href":"https:\/\/ortopediagot.net\/Inicio\/wp-json\/wp\/v2\/media\/4157"}],"wp:attachment":[{"href":"https:\/\/ortopediagot.net\/Inicio\/wp-json\/wp\/v2\/media?parent=4156"}],"wp:term":[{"taxonomy":"product_brand","embeddable":true,"href":"https:\/\/ortopediagot.net\/Inicio\/wp-json\/wp\/v2\/product_brand?post=4156"},{"taxonomy":"product_cat","embeddable":true,"href":"https:\/\/ortopediagot.net\/Inicio\/wp-json\/wp\/v2\/product_cat?post=4156"},{"taxonomy":"product_tag","embeddable":true,"href":"https:\/\/ortopediagot.net\/Inicio\/wp-json\/wp\/v2\/product_tag?post=4156"}],"curies":[{"name":"wp","href":"https:\/\/api.w.org\/{rel}","templated":true}]}}