{"id":4158,"date":"2024-07-09T15:00:45","date_gmt":"2024-07-09T14:00:45","guid":{"rendered":"https:\/\/ortopediagot.net\/?post_type=product&#038;p=4158"},"modified":"2024-07-09T15:00:46","modified_gmt":"2024-07-09T14:00:46","slug":"rollator-polivalente-plegable","status":"publish","type":"product","link":"https:\/\/ortopediagot.net\/Inicio\/producto\/rollator-polivalente-plegable\/","title":{"rendered":"Rollator polivalente plegable"},"content":{"rendered":"<p>Rollator con manetas de frenos autoblocantes de seguridad, cesta de la compra y bandeja desmontable para su uso dom\u00e9stico.\u00a0El caminador se pliega f\u00e1cilmente y los pu\u00f1os son de altura graduable.<\/p>\n<p>El rollator es un tipo de andador con dise\u00f1o ergon\u00f3mico, que facilita el desplazamiento de personas con movilidad reducida. Este rollator constituye una herramienta de gran utilidad para que el desplazamiento sea seguro, proporciona un recorrido c\u00f3modo y sin riesgo de ca\u00eddas, debido a que posee empu\u00f1adoras o pu\u00f1os anat\u00f3micos que favorecen al agarre y se obtiene mayor apoyo. Adem\u00e1s, el rollator proporciona equilibrio y estabilidad, lo que se traduce en mayor confianza.<\/p>\n<p>Del mismo modo, con el rollator las personas pueden realizar sus actividades diarias con total autonom\u00eda, incluso pueden usarse a trav\u00e9s de superficies irregulares.<\/p>\n<p>El rollator se pliega f\u00e1cilmente y ocupa poco espacio.\u00a0<strong>Es ligero, pesa tan solo 8 Kg.\u00a0<\/strong>y f\u00e1cil de transportar, siendo muy c\u00f3modo cuando se desea viajar en coche, tren o avi\u00f3n.<\/p>\n<p>El rollator incorpora asiento para descansar, tambi\u00e9n incluye cesta donde pueden llevar objetos o pertenec\u00edas que desee.<\/p>\n<p><strong>MODELO: <\/strong>AD100<\/p>\n<p><strong>ANCHO: <\/strong>60 cm<\/p>\n<p><strong>FONDO: <\/strong>67 cm<\/p>\n<p><strong>ALTO GRADUABLE: <\/strong>80-100 cm<\/p>\n<p><strong>ANCHO ENTRE PU\u00d1OS: <\/strong>41 cm<\/p>\n<p><strong>ALTURA ASIENTO: <\/strong>61 cm<\/p>\n","protected":false},"excerpt":{"rendered":"<p>Rollator con manetas de frenos autoblocantes de seguridad, cesta de la compra y bandeja desmontable para su uso dom\u00e9stico.\u00a0El caminador se pliega f\u00e1cilmente y los pu\u00f1os son de altura graduable. El rollator es un tipo de andador con dise\u00f1o ergon\u00f3mico, que facilita el desplazamiento de personas con movilidad reducida. Este rollator constituye una herramienta de [&hellip;]<\/p>\n","protected":false},"featured_media":4159,"comment_status":"open","ping_status":"closed","template":"","meta":{"saved_in_kubio":false},"product_brand":[],"product_cat":[60],"product_tag":[43],"class_list":{"0":"post-4158","1":"product","2":"type-product","3":"status-publish","4":"has-post-thumbnail","6":"product_cat-andadores","7":"product_tag-ayudas-dinamicas","9":"first","10":"instock","11":"shipping-taxable","12":"product-type-simple"},"_links":{"self":[{"href":"https:\/\/ortopediagot.net\/Inicio\/wp-json\/wp\/v2\/product\/4158"}],"collection":[{"href":"https:\/\/ortopediagot.net\/Inicio\/wp-json\/wp\/v2\/product"}],"about":[{"href":"https:\/\/ortopediagot.net\/Inicio\/wp-json\/wp\/v2\/types\/product"}],"replies":[{"embeddable":true,"href":"https:\/\/ortopediagot.net\/Inicio\/wp-json\/wp\/v2\/comments?post=4158"}],"wp:featuredmedia":[{"embeddable":true,"href":"https:\/\/ortopediagot.net\/Inicio\/wp-json\/wp\/v2\/media\/4159"}],"wp:attachment":[{"href":"https:\/\/ortopediagot.net\/Inicio\/wp-json\/wp\/v2\/media?parent=4158"}],"wp:term":[{"taxonomy":"product_brand","embeddable":true,"href":"https:\/\/ortopediagot.net\/Inicio\/wp-json\/wp\/v2\/product_brand?post=4158"},{"taxonomy":"product_cat","embeddable":true,"href":"https:\/\/ortopediagot.net\/Inicio\/wp-json\/wp\/v2\/product_cat?post=4158"},{"taxonomy":"product_tag","embeddable":true,"href":"https:\/\/ortopediagot.net\/Inicio\/wp-json\/wp\/v2\/product_tag?post=4158"}],"curies":[{"name":"wp","href":"https:\/\/api.w.org\/{rel}","templated":true}]}}