{"id":4161,"date":"2024-07-09T15:04:15","date_gmt":"2024-07-09T14:04:15","guid":{"rendered":"https:\/\/ortopediagot.net\/?post_type=product&#038;p=4161"},"modified":"2024-07-09T15:04:16","modified_gmt":"2024-07-09T14:04:16","slug":"rollator-extra-maniobrable-delta","status":"publish","type":"product","link":"https:\/\/ortopediagot.net\/Inicio\/producto\/rollator-extra-maniobrable-delta\/","title":{"rendered":"Rollator extra maniobrable DELTA"},"content":{"rendered":"<p>Rollator de tres ruedas dise\u00f1ado especialmente para maniobrar en espacios reducidos. Con un radio de giro m\u00ednimo puede girar sobre s\u00ed mismo incluso en pasillos estrechos. Los pu\u00f1os son graduables de altura y llevan frenos para controlar mejor la marcha.<\/p>\n<p>Incorpora una pr\u00e1ctica bolsa para llevar objetos de manera m\u00e1s discreta si los desplazamientos son en el exterior. Se pliega muy f\u00e1cilmente para guardarlo por ejemplo tras una puerta, o facilitar su transporte.<\/p>\n<p><strong>MODELO: <\/strong>AD240<\/p>\n<p><strong>ANCHO TOTAL: <\/strong>69 cm<\/p>\n<p><strong>ALTO GRADUABLE: <\/strong>82 \u2013 93 cm<\/p>\n<p><strong>FONDO TOTAL: <\/strong>59 cm<\/p>\n","protected":false},"excerpt":{"rendered":"<p>Rollator de tres ruedas dise\u00f1ado especialmente para maniobrar en espacios reducidos. Con un radio de giro m\u00ednimo puede girar sobre s\u00ed mismo incluso en pasillos estrechos. Los pu\u00f1os son graduables de altura y llevan frenos para controlar mejor la marcha. Incorpora una pr\u00e1ctica bolsa para llevar objetos de manera m\u00e1s discreta si los desplazamientos son [&hellip;]<\/p>\n","protected":false},"featured_media":4162,"comment_status":"open","ping_status":"closed","template":"","meta":{"saved_in_kubio":false},"product_brand":[],"product_cat":[60],"product_tag":[43],"class_list":{"0":"post-4161","1":"product","2":"type-product","3":"status-publish","4":"has-post-thumbnail","6":"product_cat-andadores","7":"product_tag-ayudas-dinamicas","9":"first","10":"instock","11":"shipping-taxable","12":"product-type-simple"},"_links":{"self":[{"href":"https:\/\/ortopediagot.net\/Inicio\/wp-json\/wp\/v2\/product\/4161"}],"collection":[{"href":"https:\/\/ortopediagot.net\/Inicio\/wp-json\/wp\/v2\/product"}],"about":[{"href":"https:\/\/ortopediagot.net\/Inicio\/wp-json\/wp\/v2\/types\/product"}],"replies":[{"embeddable":true,"href":"https:\/\/ortopediagot.net\/Inicio\/wp-json\/wp\/v2\/comments?post=4161"}],"wp:featuredmedia":[{"embeddable":true,"href":"https:\/\/ortopediagot.net\/Inicio\/wp-json\/wp\/v2\/media\/4162"}],"wp:attachment":[{"href":"https:\/\/ortopediagot.net\/Inicio\/wp-json\/wp\/v2\/media?parent=4161"}],"wp:term":[{"taxonomy":"product_brand","embeddable":true,"href":"https:\/\/ortopediagot.net\/Inicio\/wp-json\/wp\/v2\/product_brand?post=4161"},{"taxonomy":"product_cat","embeddable":true,"href":"https:\/\/ortopediagot.net\/Inicio\/wp-json\/wp\/v2\/product_cat?post=4161"},{"taxonomy":"product_tag","embeddable":true,"href":"https:\/\/ortopediagot.net\/Inicio\/wp-json\/wp\/v2\/product_tag?post=4161"}],"curies":[{"name":"wp","href":"https:\/\/api.w.org\/{rel}","templated":true}]}}