{"id":4164,"date":"2024-07-09T15:07:46","date_gmt":"2024-07-09T14:07:46","guid":{"rendered":"https:\/\/ortopediagot.net\/?post_type=product&#038;p=4164"},"modified":"2024-07-09T15:07:46","modified_gmt":"2024-07-09T14:07:46","slug":"andador-neo-fold-evolution","status":"publish","type":"product","link":"https:\/\/ortopediagot.net\/Inicio\/producto\/andador-neo-fold-evolution\/","title":{"rendered":"ANDADOR NEO FOLD EVOLUTION"},"content":{"rendered":"<p>Nuestro andador Neo Fold Evolution tiene muchas caracter\u00edsticas importantes adem\u00e1s de su elegante dise\u00f1o.<br \/>\nTiene un respaldo c\u00f3modo y acolchado, asas anat\u00f3micas suaves y un pr\u00e1ctico soporte de baston.<br \/>\nPara su seguridad, est\u00e1 equipado con frenos de alta fricci\u00f3n y numerosos reflectores.<br \/>\nRuedas muy anchas de 25 cm en la parte delantera y 20 cm en la trasera para un mejor manejo.<br \/>\nV\u00e1lvula de seguridad en posici\u00f3n plegada.<br \/>\n<strong>Dimensiones generales:<\/strong> anchura 62 x profundidad 68 x altura 80 a 95 cm en 7 posiciones indexadas.<br \/>\n<strong>Ancho del pasillo:<\/strong> 44 cm.<br \/>\n<strong>Medidas del asiento:<\/strong> 44 x profundidad 23 x altura 55 cm.<br \/>\n<strong>Peso:<\/strong> 7,9 kg.<strong><br \/>\n<\/strong>Tres colores disponibles.<\/p>\n","protected":false},"excerpt":{"rendered":"<p>Nuestro andador Neo Fold Evolution tiene muchas caracter\u00edsticas importantes adem\u00e1s de su elegante dise\u00f1o. Tiene un respaldo c\u00f3modo y acolchado, asas anat\u00f3micas suaves y un pr\u00e1ctico soporte de baston. Para su seguridad, est\u00e1 equipado con frenos de alta fricci\u00f3n y numerosos reflectores. Ruedas muy anchas de 25 cm en la parte delantera y 20 cm [&hellip;]<\/p>\n","protected":false},"featured_media":4165,"comment_status":"open","ping_status":"closed","template":"","meta":{"saved_in_kubio":false},"product_brand":[],"product_cat":[60],"product_tag":[118],"class_list":{"0":"post-4164","1":"product","2":"type-product","3":"status-publish","4":"has-post-thumbnail","6":"product_cat-andadores","7":"product_tag-emo","9":"first","10":"instock","11":"shipping-taxable","12":"product-type-simple"},"_links":{"self":[{"href":"https:\/\/ortopediagot.net\/Inicio\/wp-json\/wp\/v2\/product\/4164"}],"collection":[{"href":"https:\/\/ortopediagot.net\/Inicio\/wp-json\/wp\/v2\/product"}],"about":[{"href":"https:\/\/ortopediagot.net\/Inicio\/wp-json\/wp\/v2\/types\/product"}],"replies":[{"embeddable":true,"href":"https:\/\/ortopediagot.net\/Inicio\/wp-json\/wp\/v2\/comments?post=4164"}],"wp:featuredmedia":[{"embeddable":true,"href":"https:\/\/ortopediagot.net\/Inicio\/wp-json\/wp\/v2\/media\/4165"}],"wp:attachment":[{"href":"https:\/\/ortopediagot.net\/Inicio\/wp-json\/wp\/v2\/media?parent=4164"}],"wp:term":[{"taxonomy":"product_brand","embeddable":true,"href":"https:\/\/ortopediagot.net\/Inicio\/wp-json\/wp\/v2\/product_brand?post=4164"},{"taxonomy":"product_cat","embeddable":true,"href":"https:\/\/ortopediagot.net\/Inicio\/wp-json\/wp\/v2\/product_cat?post=4164"},{"taxonomy":"product_tag","embeddable":true,"href":"https:\/\/ortopediagot.net\/Inicio\/wp-json\/wp\/v2\/product_tag?post=4164"}],"curies":[{"name":"wp","href":"https:\/\/api.w.org\/{rel}","templated":true}]}}