{"id":4193,"date":"2024-07-24T11:32:03","date_gmt":"2024-07-24T10:32:03","guid":{"rendered":"https:\/\/ortopediagot.net\/?post_type=product&#038;p=4193"},"modified":"2024-07-24T11:32:04","modified_gmt":"2024-07-24T10:32:04","slug":"ayudas-dinamicas-scooter-vecta-sport-altas-prestaciones","status":"publish","type":"product","link":"https:\/\/ortopediagot.net\/Inicio\/producto\/ayudas-dinamicas-scooter-vecta-sport-altas-prestaciones\/","title":{"rendered":"AYUDAS DINAMICAS Scooter VECTA SPORT altas prestaciones"},"content":{"rendered":"<p>Les presentamos el modelo Vecta Sport, un scooter nuevo y revolucionario que combina un dise\u00f1o de \u00faltima generaci\u00f3n con la \u00faltima tecnolog\u00eda para ofrecer un scooter que no s\u00f3lo es atractivo, sino que adem\u00e1s tiene unas altas prestaciones. Despu\u00e9s de m\u00e1s de 3 a\u00f1os de trabajo, el Vecta Sport ha sido creado incorporando una serie de beneficios clave para el usuario, por ejemplo, capacidad m\u00e1xima de 160kg, neum\u00e1ticos sin c\u00e1mara \u2018RunOn\u2122\u2019, y transmisi\u00f3n de alta tracci\u00f3n \u2018Max Grip\u2122\u2019 para llevarle donde otros scooters no alcanzan. Donde sea que est\u00e9s, con una autonom\u00eda de hasta 44km en una \u00fanica carga, no hay nada que le pare.<\/p>\n<p><strong>Estilo garantizado<\/strong><\/p>\n<p>Dise\u00f1o sin concesiones. El Vecta Sport combina un estilo ic\u00f3nico con un perfil moderno y sencillo. Pero no es s\u00f3lo atractivo en apariencia, sino que adem\u00e1s es muy pr\u00e1ctico, el Vecta Sport es \u00fanico en su clase.<\/p>\n<p><strong>Si\u00e9ntate y d\u00e9jate llevar<\/strong><\/p>\n<p>Si\u00e9ntate detr\u00e1s del manillar y sentir\u00e1s la sensaci\u00f3n de seguridad que ofrece.<\/p>\n<p>Detr\u00e1s del manillar encontrar\u00e1s un espacio \u00fatil para guardar cosas, as\u00ed como un Puerto USB para cargar tu m\u00f3vil.<\/p>\n<p>Detr\u00e1s del manillar se encuentra la luz espejo situada en la parte superior que le da un toque moderno y facilita la visibilidad. Esto combinado con las luces de posici\u00f3n LED garantiza que puedas ver bien, pero m\u00e1s importante, que puedas ser visto en todo momento.<\/p>\n<p><strong>Viaja siempre en primera clase<\/strong><\/p>\n<p>El Vecta Sport ofrece lo mejor de cada casa, firme y robusto en la carretera y \u00e1gil en la acera, pero con una longitud de s\u00f3lo 1320mm, no necesita mucho espacio para guardarlo. Asimismo, su nuevo motor de alta torsi\u00f3n de 600 vatios subir\u00e1 las cuestas m\u00e1s inclinadas sin problemas.<\/p>\n<p><strong>Creado para durar, y durar\u2026<\/strong><\/p>\n<p>El Vecta Sport es un scooter con fondo. El motor de alta eficiencia de 600 vatios ofrece una autonom\u00eda de hasta 44km, perfecto para esos d\u00edas de visitas a amigos o familia o de excursi\u00f3n al campo.<\/p>\n<p>El motor de gran eficiencia y alta torsi\u00f3n junto con el transmisor de alta tracci\u00f3n Max Grip\u2122 asegura que el Vecta Sport llega donde otros scooters no podr\u00edan.<\/p>\n<p>\u00bfY en el caso de un pinchazo? Simplemente contin\u00faa con tu trayecto. El Vecta Sport ofrece la m\u00e1xima tranquilidad con sus neum\u00e1ticos sin c\u00e1mara \u2018RunOn\u2122\u2019, que aseguran que puedes regresar a casa en caso de sufrir un pinchazo.<\/p>\n<p><strong>\u00a0Disfruta de tu viaje, vayas donde vayas.<\/strong><\/p>\n<p>Con un amplio espacio para las piernas y un asiento ajustable, el Vecta Sport puede adaptarse a cualquier forma o tama\u00f1o.<\/p>\n<p>Si adem\u00e1s a\u00f1adimos un asiento reforzado con soporte lumbar y reposabrazos que se levantan para facilitar el acceso, siempre viajar\u00e1s con el m\u00e1ximo confort.<\/p>\n<p>El Vecta sport es completamente vers\u00e1til. El asiento tiene distintas posiciones, se mueve hacia adelante y atr\u00e1s, arriba y abajo, y el manillar tambi\u00e9n es ajustable para cada conductor para ofrecerle la sensaci\u00f3n de seguridad.<\/p>\n<p>&nbsp;<\/p>\n","protected":false},"excerpt":{"rendered":"<p>Les presentamos el modelo Vecta Sport, un scooter nuevo y revolucionario que combina un dise\u00f1o de \u00faltima generaci\u00f3n con la \u00faltima tecnolog\u00eda para ofrecer un scooter que no s\u00f3lo es atractivo, sino que adem\u00e1s tiene unas altas prestaciones. Despu\u00e9s de m\u00e1s de 3 a\u00f1os de trabajo, el Vecta Sport ha sido creado incorporando una serie [&hellip;]<\/p>\n","protected":false},"featured_media":4196,"comment_status":"open","ping_status":"closed","template":"","meta":{"saved_in_kubio":false},"product_brand":[],"product_cat":[54],"product_tag":[43],"class_list":{"0":"post-4193","1":"product","2":"type-product","3":"status-publish","4":"has-post-thumbnail","6":"product_cat-scooters-electricos","7":"product_tag-ayudas-dinamicas","9":"first","10":"instock","11":"shipping-taxable","12":"product-type-simple"},"_links":{"self":[{"href":"https:\/\/ortopediagot.net\/Inicio\/wp-json\/wp\/v2\/product\/4193"}],"collection":[{"href":"https:\/\/ortopediagot.net\/Inicio\/wp-json\/wp\/v2\/product"}],"about":[{"href":"https:\/\/ortopediagot.net\/Inicio\/wp-json\/wp\/v2\/types\/product"}],"replies":[{"embeddable":true,"href":"https:\/\/ortopediagot.net\/Inicio\/wp-json\/wp\/v2\/comments?post=4193"}],"wp:featuredmedia":[{"embeddable":true,"href":"https:\/\/ortopediagot.net\/Inicio\/wp-json\/wp\/v2\/media\/4196"}],"wp:attachment":[{"href":"https:\/\/ortopediagot.net\/Inicio\/wp-json\/wp\/v2\/media?parent=4193"}],"wp:term":[{"taxonomy":"product_brand","embeddable":true,"href":"https:\/\/ortopediagot.net\/Inicio\/wp-json\/wp\/v2\/product_brand?post=4193"},{"taxonomy":"product_cat","embeddable":true,"href":"https:\/\/ortopediagot.net\/Inicio\/wp-json\/wp\/v2\/product_cat?post=4193"},{"taxonomy":"product_tag","embeddable":true,"href":"https:\/\/ortopediagot.net\/Inicio\/wp-json\/wp\/v2\/product_tag?post=4193"}],"curies":[{"name":"wp","href":"https:\/\/api.w.org\/{rel}","templated":true}]}}